{"id":6187,"date":"2024-03-20T14:44:08","date_gmt":"2024-03-20T17:44:08","guid":{"rendered":"https:\/\/staging.segurosorion.cl\/seguros-orion\/?page_id=6187"},"modified":"2024-03-20T15:20:43","modified_gmt":"2024-03-20T18:20:43","slug":"canal-de-denuncia","status":"publish","type":"page","link":"https:\/\/portalprod.segurosorion.cl\/seguros-orion\/canal-de-denuncia\/","title":{"rendered":"Canal de Denuncia"},"content":{"rendered":"\t\t<div data-elementor-type=\"wp-page\" data-elementor-id=\"6187\" class=\"elementor elementor-6187\" data-elementor-post-type=\"page\">\n\t\t\t\t\t\t<section class=\"elementor-section elementor-top-section elementor-element elementor-element-d404adb elementor-section-boxed elementor-section-height-default elementor-section-height-default\" data-id=\"d404adb\" data-element_type=\"section\" data-e-type=\"section\">\n\t\t\t\t\t\t<div class=\"elementor-container elementor-column-gap-default\">\n\t\t\t\t\t<div class=\"elementor-column elementor-col-100 elementor-top-column elementor-element elementor-element-9cbf304\" data-id=\"9cbf304\" data-element_type=\"column\" data-e-type=\"column\">\n\t\t\t<div class=\"elementor-widget-wrap elementor-element-populated\">\n\t\t\t\t\t\t<div class=\"elementor-element elementor-element-74ea7e7 elementor-widget elementor-widget-heading\" data-id=\"74ea7e7\" data-element_type=\"widget\" data-e-type=\"widget\" data-widget_type=\"heading.default\">\n\t\t\t\t<div class=\"elementor-widget-container\">\n\t\t\t\t\t<h1 class=\"elementor-heading-title elementor-size-default\">Canal de Denuncia\n<\/h1>\t\t\t\t<\/div>\n\t\t\t\t<\/div>\n\t\t\t\t<div class=\"elementor-element elementor-element-057845d elementor-widget elementor-widget-text-editor\" data-id=\"057845d\" data-element_type=\"widget\" data-e-type=\"widget\" data-widget_type=\"text-editor.default\">\n\t\t\t\t<div class=\"elementor-widget-container\">\n\t\t\t\t\t\t\t\t\tA trav\u00e9s de los formularios habilitados en esta p\u00e1gina se podr\u00e1 denunciar cualquier conducta u omisi\u00f3n, contraria o irregular, respecto a lo establecido en leyes, c\u00f3digos, reglamentos, pol\u00edticas o procedimientos y dem\u00e1s normas internas y\/o externas establecidos por Orion o el organismo regulador (SVS) respectivamente;  tambi\u00e9n con respecto a lo establecido en la Ley 20.393 de Responsabilidad Penal de Personas Jur\u00eddicas. En este \u00faltimo caso, un acto il\u00edcito podr\u00eda configurarse como delito.\n\n\t\t\t\t\t\t\t\t<\/div>\n\t\t\t\t<\/div>\n\t\t\t\t<div class=\"elementor-element elementor-element-900fa76 elementor-widget elementor-widget-text-editor\" data-id=\"900fa76\" data-element_type=\"widget\" data-e-type=\"widget\" data-widget_type=\"text-editor.default\">\n\t\t\t\t<div class=\"elementor-widget-container\">\n\t\t\t\t\t\t\t\t\t<p><strong><a href=\"\/seguros-orion\/formulario-de-denuncia-ley-20-393\/\">FORMULARIO DENUNCIA LEY 20.393 \u2013 RESPONSABILIDAD PENAL PERSONAS JUR\u00cdDICAS<\/a><\/strong><\/p><p>Debe utilizarse este formulario para denunciar alguno de los siguientes delitos:<u><\/u><u><\/u><\/p><p><u><\/u>\u00a0<u><\/u><\/p><p><b>Lavado de activos <u><\/u><u><\/u><\/b><\/p><p>Cualquier acto tendiente a omitir, ocultar o disimular el origen il\u00edcito de determinados valores y\/o bienes a sabiendas que provienen de la perpetraci\u00f3n de delitos relacionados con el tr\u00e1fico il\u00edcito de drogas, tr\u00e1fico de armas, promoci\u00f3n prostituci\u00f3n infantil entre otros.<u><\/u><u><\/u><\/p><p><u><\/u>\u00a0<u><\/u><\/p><p><b>Financiamiento del Terrorismo.<u><\/u><u><\/u><\/b><\/p><p>Persona, que por cualquier medio, solicite, recaude o provea fondos con la finalidad de que se utilicen en la comisi\u00f3n de cualquier de los delitos terroristas, como ejemplo, apoderarse o atentar \u00a0contra un medio de transporte p\u00fablico, atentado contra el Jefe de Estado u otras autoridades, asociaci\u00f3n il\u00edcita con el objeto de cometer delitos terroristas, entre otros.<u><\/u><u><\/u><\/p><p><u><\/u>\u00a0<u><\/u><\/p><p><b>Personas Expuestas Pol\u00edticamente.<u><\/u><u><\/u><\/b><\/p><p>Dado su alta exposici\u00f3n p\u00fablica y el riesgo de que sus decisiones econ\u00f3micas impliquen actos de corrupci\u00f3n o tr\u00e1fico de influencias obligan a darles un tratamiento especial, que considera mayores exigencias de informaci\u00f3n y la obligaci\u00f3n de reportar las transacciones susceptibles de configurar maniobras ilegales.<u><\/u><u><\/u><\/p><p><u><\/u>\u00a0<u><\/u><\/p><p><b>Cohecho a funcionarios p\u00fablicos nacionales y extranjeros<u><\/u><u><\/u><\/b><\/p><p>El que ofreciere, prometiere o diere a un funcionario p\u00fablico extranjero, un beneficio econ\u00f3mico o de otra naturaleza, en provecho de \u00e9ste o de un tercero para realice una acci\u00f3n o incurra en una omisi\u00f3n con miras a la obtenci\u00f3n o mantenci\u00f3n, para s\u00ed u otro, de cualquier negocio o ventaja indebidos en el \u00e1mbito de cualquiera transacciones internacionales.<u><\/u><u><\/u><\/p><p>\u00a0<\/p><p><u><span style=\"color: #333399;\"><strong><a href=\"\/seguros-orion\/formulario-de-denuncia-transgresion\">FORMULARIO DENUNCIA \u00a0POR TRANSGRESI\u00d3N AL C\u00d3DIGO DE CONDUCTA<\/a><\/strong><\/span><u><\/u><u><\/u><\/u><\/p><p>Debe utilizarse este formulario para realizar denuncias directas o an\u00f3nimas respecto sospechas y\/o incumplimiento de las \u00a0Normas de Conducta, \u00a0\u00c9tica, Conflictos de Inter\u00e9s o cualquier tema relacionado con un posible incumplimiento regulatorio o situaciones o hechos que requieran la atenci\u00f3n de la Administraci\u00f3n y\/o del Directorio.<\/p>\t\t\t\t\t\t\t\t<\/div>\n\t\t\t\t<\/div>\n\t\t\t\t\t<\/div>\n\t\t<\/div>\n\t\t\t\t\t<\/div>\n\t\t<\/section>\n\t\t\t\t<\/div>\n\t\t","protected":false},"excerpt":{"rendered":"<p>Canal de Denuncia A trav\u00e9s de los formularios habilitados en esta p\u00e1gina se podr\u00e1 denunciar cualquier conducta u omisi\u00f3n, contraria o irregular, respecto a lo establecido en leyes, c\u00f3digos, reglamentos, pol\u00edticas o procedimientos y dem\u00e1s normas internas y\/o externas establecidos por Orion o el organismo regulador (SVS) respectivamente; tambi\u00e9n con respecto a lo establecido en [&hellip;]<\/p>\n","protected":false},"author":3,"featured_media":0,"parent":0,"menu_order":0,"comment_status":"closed","ping_status":"closed","template":"","meta":{"footnotes":""},"class_list":["post-6187","page","type-page","status-publish","hentry"],"yoast_head":"<!-- This site is optimized with the Yoast SEO plugin v27.2 - https:\/\/yoast.com\/product\/yoast-seo-wordpress\/ -->\n<title>Canal de Denuncia - ORION<\/title>\n<meta name=\"robots\" content=\"index, follow, max-snippet:-1, max-image-preview:large, max-video-preview:-1\" \/>\n<link rel=\"canonical\" href=\"https:\/\/portalprod.segurosorion.cl\/seguros-orion\/canal-de-denuncia\/\" \/>\n<meta property=\"og:locale\" content=\"es_ES\" \/>\n<meta property=\"og:type\" content=\"article\" \/>\n<meta property=\"og:title\" content=\"Canal de Denuncia - ORION\" \/>\n<meta property=\"og:description\" content=\"Canal de Denuncia A trav\u00e9s de los formularios habilitados en esta p\u00e1gina se podr\u00e1 denunciar cualquier conducta u omisi\u00f3n, contraria o irregular, respecto a lo establecido en leyes, c\u00f3digos, reglamentos, pol\u00edticas o procedimientos y dem\u00e1s normas internas y\/o externas establecidos por Orion o el organismo regulador (SVS) respectivamente; tambi\u00e9n con respecto a lo establecido en [&hellip;]\" \/>\n<meta property=\"og:url\" content=\"https:\/\/portalprod.segurosorion.cl\/seguros-orion\/canal-de-denuncia\/\" \/>\n<meta property=\"og:site_name\" content=\"ORION\" \/>\n<meta property=\"article:modified_time\" content=\"2024-03-20T18:20:43+00:00\" \/>\n<meta name=\"twitter:card\" content=\"summary_large_image\" \/>\n<meta name=\"twitter:label1\" content=\"Tiempo estimado de lectura\" \/>\n\t<meta name=\"twitter:data1\" content=\"2 minutos\" \/>\n<script type=\"application\/ld+json\" class=\"yoast-schema-graph\">{\"@context\":\"https:\/\/schema.org\",\"@graph\":[{\"@type\":\"WebPage\",\"@id\":\"https:\/\/portalprod.segurosorion.cl\/seguros-orion\/canal-de-denuncia\/\",\"url\":\"https:\/\/portalprod.segurosorion.cl\/seguros-orion\/canal-de-denuncia\/\",\"name\":\"Canal de Denuncia - ORION\",\"isPartOf\":{\"@id\":\"https:\/\/portalprod.segurosorion.cl\/seguros-orion\/#website\"},\"datePublished\":\"2024-03-20T17:44:08+00:00\",\"dateModified\":\"2024-03-20T18:20:43+00:00\",\"breadcrumb\":{\"@id\":\"https:\/\/portalprod.segurosorion.cl\/seguros-orion\/canal-de-denuncia\/#breadcrumb\"},\"inLanguage\":\"es-CL\",\"potentialAction\":[{\"@type\":\"ReadAction\",\"target\":[\"https:\/\/portalprod.segurosorion.cl\/seguros-orion\/canal-de-denuncia\/\"]}]},{\"@type\":\"BreadcrumbList\",\"@id\":\"https:\/\/portalprod.segurosorion.cl\/seguros-orion\/canal-de-denuncia\/#breadcrumb\",\"itemListElement\":[{\"@type\":\"ListItem\",\"position\":1,\"name\":\"Portada\",\"item\":\"https:\/\/portalprod.segurosorion.cl\/seguros-orion\/\"},{\"@type\":\"ListItem\",\"position\":2,\"name\":\"Canal de Denuncia\"}]},{\"@type\":\"WebSite\",\"@id\":\"https:\/\/portalprod.segurosorion.cl\/seguros-orion\/#website\",\"url\":\"https:\/\/portalprod.segurosorion.cl\/seguros-orion\/\",\"name\":\"ORION\",\"description\":\"Seguros Generales\",\"publisher\":{\"@id\":\"https:\/\/portalprod.segurosorion.cl\/seguros-orion\/#organization\"},\"potentialAction\":[{\"@type\":\"SearchAction\",\"target\":{\"@type\":\"EntryPoint\",\"urlTemplate\":\"https:\/\/portalprod.segurosorion.cl\/seguros-orion\/?s={search_term_string}\"},\"query-input\":{\"@type\":\"PropertyValueSpecification\",\"valueRequired\":true,\"valueName\":\"search_term_string\"}}],\"inLanguage\":\"es-CL\"},{\"@type\":\"Organization\",\"@id\":\"https:\/\/portalprod.segurosorion.cl\/seguros-orion\/#organization\",\"name\":\"ORION\",\"url\":\"https:\/\/portalprod.segurosorion.cl\/seguros-orion\/\",\"logo\":{\"@type\":\"ImageObject\",\"inLanguage\":\"es-CL\",\"@id\":\"https:\/\/portalprod.segurosorion.cl\/seguros-orion\/#\/schema\/logo\/image\/\",\"url\":\"https:\/\/portalprod.segurosorion.cl\/seguros-orion\/wp-content\/uploads\/2023\/01\/logo_crop.png\",\"contentUrl\":\"https:\/\/portalprod.segurosorion.cl\/seguros-orion\/wp-content\/uploads\/2023\/01\/logo_crop.png\",\"width\":513,\"height\":106,\"caption\":\"ORION\"},\"image\":{\"@id\":\"https:\/\/portalprod.segurosorion.cl\/seguros-orion\/#\/schema\/logo\/image\/\"},\"sameAs\":[\"https:\/\/www.instagram.com\/segurosgeneralesorion\/\",\"https:\/\/cl.linkedin.com\/company\/orion-compania-de-seguros-generales\"]}]}<\/script>\n<!-- \/ Yoast SEO plugin. -->","yoast_head_json":{"title":"Canal de Denuncia - ORION","robots":{"index":"index","follow":"follow","max-snippet":"max-snippet:-1","max-image-preview":"max-image-preview:large","max-video-preview":"max-video-preview:-1"},"canonical":"https:\/\/portalprod.segurosorion.cl\/seguros-orion\/canal-de-denuncia\/","og_locale":"es_ES","og_type":"article","og_title":"Canal de Denuncia - ORION","og_description":"Canal de Denuncia A trav\u00e9s de los formularios habilitados en esta p\u00e1gina se podr\u00e1 denunciar cualquier conducta u omisi\u00f3n, contraria o irregular, respecto a lo establecido en leyes, c\u00f3digos, reglamentos, pol\u00edticas o procedimientos y dem\u00e1s normas internas y\/o externas establecidos por Orion o el organismo regulador (SVS) respectivamente; tambi\u00e9n con respecto a lo establecido en [&hellip;]","og_url":"https:\/\/portalprod.segurosorion.cl\/seguros-orion\/canal-de-denuncia\/","og_site_name":"ORION","article_modified_time":"2024-03-20T18:20:43+00:00","twitter_card":"summary_large_image","twitter_misc":{"Tiempo estimado de lectura":"2 minutos"},"schema":{"@context":"https:\/\/schema.org","@graph":[{"@type":"WebPage","@id":"https:\/\/portalprod.segurosorion.cl\/seguros-orion\/canal-de-denuncia\/","url":"https:\/\/portalprod.segurosorion.cl\/seguros-orion\/canal-de-denuncia\/","name":"Canal de Denuncia - ORION","isPartOf":{"@id":"https:\/\/portalprod.segurosorion.cl\/seguros-orion\/#website"},"datePublished":"2024-03-20T17:44:08+00:00","dateModified":"2024-03-20T18:20:43+00:00","breadcrumb":{"@id":"https:\/\/portalprod.segurosorion.cl\/seguros-orion\/canal-de-denuncia\/#breadcrumb"},"inLanguage":"es-CL","potentialAction":[{"@type":"ReadAction","target":["https:\/\/portalprod.segurosorion.cl\/seguros-orion\/canal-de-denuncia\/"]}]},{"@type":"BreadcrumbList","@id":"https:\/\/portalprod.segurosorion.cl\/seguros-orion\/canal-de-denuncia\/#breadcrumb","itemListElement":[{"@type":"ListItem","position":1,"name":"Portada","item":"https:\/\/portalprod.segurosorion.cl\/seguros-orion\/"},{"@type":"ListItem","position":2,"name":"Canal de Denuncia"}]},{"@type":"WebSite","@id":"https:\/\/portalprod.segurosorion.cl\/seguros-orion\/#website","url":"https:\/\/portalprod.segurosorion.cl\/seguros-orion\/","name":"ORION","description":"Seguros Generales","publisher":{"@id":"https:\/\/portalprod.segurosorion.cl\/seguros-orion\/#organization"},"potentialAction":[{"@type":"SearchAction","target":{"@type":"EntryPoint","urlTemplate":"https:\/\/portalprod.segurosorion.cl\/seguros-orion\/?s={search_term_string}"},"query-input":{"@type":"PropertyValueSpecification","valueRequired":true,"valueName":"search_term_string"}}],"inLanguage":"es-CL"},{"@type":"Organization","@id":"https:\/\/portalprod.segurosorion.cl\/seguros-orion\/#organization","name":"ORION","url":"https:\/\/portalprod.segurosorion.cl\/seguros-orion\/","logo":{"@type":"ImageObject","inLanguage":"es-CL","@id":"https:\/\/portalprod.segurosorion.cl\/seguros-orion\/#\/schema\/logo\/image\/","url":"https:\/\/portalprod.segurosorion.cl\/seguros-orion\/wp-content\/uploads\/2023\/01\/logo_crop.png","contentUrl":"https:\/\/portalprod.segurosorion.cl\/seguros-orion\/wp-content\/uploads\/2023\/01\/logo_crop.png","width":513,"height":106,"caption":"ORION"},"image":{"@id":"https:\/\/portalprod.segurosorion.cl\/seguros-orion\/#\/schema\/logo\/image\/"},"sameAs":["https:\/\/www.instagram.com\/segurosgeneralesorion\/","https:\/\/cl.linkedin.com\/company\/orion-compania-de-seguros-generales"]}]}},"_links":{"self":[{"href":"https:\/\/portalprod.segurosorion.cl\/seguros-orion\/wp-json\/wp\/v2\/pages\/6187","targetHints":{"allow":["GET"]}}],"collection":[{"href":"https:\/\/portalprod.segurosorion.cl\/seguros-orion\/wp-json\/wp\/v2\/pages"}],"about":[{"href":"https:\/\/portalprod.segurosorion.cl\/seguros-orion\/wp-json\/wp\/v2\/types\/page"}],"author":[{"embeddable":true,"href":"https:\/\/portalprod.segurosorion.cl\/seguros-orion\/wp-json\/wp\/v2\/users\/3"}],"replies":[{"embeddable":true,"href":"https:\/\/portalprod.segurosorion.cl\/seguros-orion\/wp-json\/wp\/v2\/comments?post=6187"}],"version-history":[{"count":25,"href":"https:\/\/portalprod.segurosorion.cl\/seguros-orion\/wp-json\/wp\/v2\/pages\/6187\/revisions"}],"predecessor-version":[{"id":6261,"href":"https:\/\/portalprod.segurosorion.cl\/seguros-orion\/wp-json\/wp\/v2\/pages\/6187\/revisions\/6261"}],"wp:attachment":[{"href":"https:\/\/portalprod.segurosorion.cl\/seguros-orion\/wp-json\/wp\/v2\/media?parent=6187"}],"curies":[{"name":"wp","href":"https:\/\/api.w.org\/{rel}","templated":true}]}}