{"id":6202,"date":"2024-03-20T14:56:55","date_gmt":"2024-03-20T17:56:55","guid":{"rendered":"https:\/\/staging.segurosorion.cl\/seguros-orion\/?page_id=6202"},"modified":"2024-07-24T10:54:40","modified_gmt":"2024-07-24T14:54:40","slug":"trabaja-con-nosotros","status":"publish","type":"page","link":"https:\/\/portalprod.segurosorion.cl\/seguros-orion\/trabaja-con-nosotros\/","title":{"rendered":"Trabaja con Nosotros"},"content":{"rendered":"\t\t<div data-elementor-type=\"wp-page\" data-elementor-id=\"6202\" class=\"elementor elementor-6202\" data-elementor-post-type=\"page\">\n\t\t\t\t\t\t<section class=\"elementor-section elementor-top-section elementor-element elementor-element-3f9f0a5 elementor-section-boxed elementor-section-height-default elementor-section-height-default\" data-id=\"3f9f0a5\" data-element_type=\"section\" data-e-type=\"section\">\n\t\t\t\t\t\t<div class=\"elementor-container elementor-column-gap-default\">\n\t\t\t\t\t<div class=\"elementor-column elementor-col-100 elementor-top-column elementor-element elementor-element-4344dc6\" data-id=\"4344dc6\" data-element_type=\"column\" data-e-type=\"column\">\n\t\t\t<div class=\"elementor-widget-wrap elementor-element-populated\">\n\t\t\t\t\t\t<div class=\"elementor-element elementor-element-b0546f9 elementor-widget elementor-widget-heading\" data-id=\"b0546f9\" data-element_type=\"widget\" data-e-type=\"widget\" data-widget_type=\"heading.default\">\n\t\t\t\t<div class=\"elementor-widget-container\">\n\t\t\t\t\t<h1 class=\"elementor-heading-title elementor-size-default\">Trabaja con Nosotros\n<\/h1>\t\t\t\t<\/div>\n\t\t\t\t<\/div>\n\t\t\t\t\t<\/div>\n\t\t<\/div>\n\t\t\t\t\t<\/div>\n\t\t<\/section>\n\t\t\t\t<section class=\"elementor-section elementor-top-section elementor-element elementor-element-f1816eb elementor-section-boxed elementor-section-height-default elementor-section-height-default\" data-id=\"f1816eb\" data-element_type=\"section\" data-e-type=\"section\">\n\t\t\t\t\t\t<div class=\"elementor-container elementor-column-gap-default\">\n\t\t\t\t\t<div class=\"elementor-column elementor-col-50 elementor-top-column elementor-element elementor-element-62baa40\" data-id=\"62baa40\" data-element_type=\"column\" data-e-type=\"column\">\n\t\t\t<div class=\"elementor-widget-wrap elementor-element-populated\">\n\t\t\t\t\t\t<div class=\"elementor-element elementor-element-47764f6 elementor-widget elementor-widget-image\" data-id=\"47764f6\" data-element_type=\"widget\" data-e-type=\"widget\" data-widget_type=\"image.default\">\n\t\t\t\t<div class=\"elementor-widget-container\">\n\t\t\t\t\t\t\t\t\t\t\t\t\t\t\t<img fetchpriority=\"high\" decoding=\"async\" width=\"900\" height=\"450\" src=\"https:\/\/portalprod.segurosorion.cl\/seguros-orion\/wp-content\/uploads\/2024\/03\/trabajando-reunion-1024x512.jpg\" class=\"attachment-large size-large wp-image-6204\" alt=\"\" srcset=\"https:\/\/portalprod.segurosorion.cl\/seguros-orion\/wp-content\/uploads\/2024\/03\/trabajando-reunion-1024x512.jpg 1024w, https:\/\/portalprod.segurosorion.cl\/seguros-orion\/wp-content\/uploads\/2024\/03\/trabajando-reunion-768x384.jpg 768w, https:\/\/portalprod.segurosorion.cl\/seguros-orion\/wp-content\/uploads\/2024\/03\/trabajando-reunion.jpg 1080w\" sizes=\"(max-width: 900px) 100vw, 900px\" \/>\t\t\t\t\t\t\t\t\t\t\t\t\t\t\t<\/div>\n\t\t\t\t<\/div>\n\t\t\t\t\t<\/div>\n\t\t<\/div>\n\t\t\t\t<div class=\"elementor-column elementor-col-50 elementor-top-column elementor-element elementor-element-deb4702\" data-id=\"deb4702\" data-element_type=\"column\" data-e-type=\"column\">\n\t\t\t<div class=\"elementor-widget-wrap elementor-element-populated\">\n\t\t\t\t\t\t<div class=\"elementor-element elementor-element-a78cac9 elementor-widget elementor-widget-heading\" data-id=\"a78cac9\" data-element_type=\"widget\" data-e-type=\"widget\" data-widget_type=\"heading.default\">\n\t\t\t\t<div class=\"elementor-widget-container\">\n\t\t\t\t\t<h2 class=\"elementor-heading-title elementor-size-default\">\u00bfC\u00f3mo es trabajar en Orion?\n<\/h2>\t\t\t\t<\/div>\n\t\t\t\t<\/div>\n\t\t\t\t<div class=\"elementor-element elementor-element-2a6f5e3 elementor-widget elementor-widget-text-editor\" data-id=\"2a6f5e3\" data-element_type=\"widget\" data-e-type=\"widget\" data-widget_type=\"text-editor.default\">\n\t\t\t\t<div class=\"elementor-widget-container\">\n\t\t\t\t\t\t\t\t\t<p>En Orion Seguros Generales, queremos contar con gente como t\u00fa, con talento, sana ambici\u00f3n y af\u00e1n de superaci\u00f3n. Gente que se esfuerza y cumple, siempre de forma responsable. Que encara nuevos retos con entusiasmo, quiere ganar y compite con valent\u00eda.<\/p><p>Te invitamos a que con tu compromiso y tu creatividad, transformemos la sociedad de forma positiva.<\/p>\t\t\t\t\t\t\t\t<\/div>\n\t\t\t\t<\/div>\n\t\t\t\t\t<\/div>\n\t\t<\/div>\n\t\t\t\t\t<\/div>\n\t\t<\/section>\n\t\t\t\t<section class=\"elementor-section elementor-top-section elementor-element elementor-element-c9ff9f3 elementor-section-boxed elementor-section-height-default elementor-section-height-default\" data-id=\"c9ff9f3\" data-element_type=\"section\" data-e-type=\"section\">\n\t\t\t\t\t\t<div class=\"elementor-container elementor-column-gap-default\">\n\t\t\t\t\t<div class=\"elementor-column elementor-col-100 elementor-top-column elementor-element elementor-element-f3792db\" data-id=\"f3792db\" data-element_type=\"column\" data-e-type=\"column\">\n\t\t\t<div class=\"elementor-widget-wrap elementor-element-populated\">\n\t\t\t\t\t\t<div class=\"elementor-element elementor-element-be1ed30 elementor-widget elementor-widget-heading\" data-id=\"be1ed30\" data-element_type=\"widget\" data-e-type=\"widget\" data-widget_type=\"heading.default\">\n\t\t\t\t<div class=\"elementor-widget-container\">\n\t\t\t\t\t<h2 class=\"elementor-heading-title elementor-size-default\">Ingresa tu CV<\/h2>\t\t\t\t<\/div>\n\t\t\t\t<\/div>\n\t\t\t\t<div class=\"elementor-element elementor-element-08a70ba elementor-button-align-stretch elementor-widget elementor-widget-form\" data-id=\"08a70ba\" data-element_type=\"widget\" data-e-type=\"widget\" data-settings=\"{&quot;step_next_label&quot;:&quot;Next&quot;,&quot;step_previous_label&quot;:&quot;Previous&quot;,&quot;button_width&quot;:&quot;100&quot;,&quot;step_type&quot;:&quot;number_text&quot;,&quot;step_icon_shape&quot;:&quot;circle&quot;}\" data-widget_type=\"form.default\">\n\t\t\t\t<div class=\"elementor-widget-container\">\n\t\t\t\t\t\t\t<form class=\"elementor-form\" method=\"post\" name=\"Trabaja con nosotros\" aria-label=\"Trabaja con nosotros\">\n\t\t\t<input type=\"hidden\" name=\"post_id\" value=\"6202\"\/>\n\t\t\t<input type=\"hidden\" name=\"form_id\" value=\"08a70ba\"\/>\n\t\t\t<input type=\"hidden\" name=\"referer_title\" value=\"Trabaja con Nosotros - ORION\" \/>\n\n\t\t\t\t\t\t\t<input type=\"hidden\" name=\"queried_id\" value=\"6202\"\/>\n\t\t\t\n\t\t\t<div class=\"elementor-form-fields-wrapper elementor-labels-above\">\n\t\t\t\t\t\t\t\t<div class=\"elementor-field-type-text elementor-field-group elementor-column elementor-field-group-name elementor-col-50 elementor-field-required elementor-mark-required\">\n\t\t\t\t\t\t\t\t\t\t\t\t<label for=\"form-field-name\" class=\"elementor-field-label\">\n\t\t\t\t\t\t\t\tNombre\t\t\t\t\t\t\t<\/label>\n\t\t\t\t\t\t\t\t\t\t\t\t\t\t<input size=\"1\" type=\"text\" name=\"form_fields[name]\" id=\"form-field-name\" class=\"elementor-field elementor-size-sm  elementor-field-textual\" placeholder=\"Nombre\" required=\"required\">\n\t\t\t\t\t\t\t\t\t\t\t<\/div>\n\t\t\t\t\t\t\t\t<div class=\"elementor-field-type-select elementor-field-group elementor-column elementor-field-group-field_467fec4 elementor-col-50 elementor-field-required elementor-mark-required\">\n\t\t\t\t\t\t\t\t\t\t\t\t<label for=\"form-field-field_467fec4\" class=\"elementor-field-label\">\n\t\t\t\t\t\t\t\tG\u00e9nero\t\t\t\t\t\t\t<\/label>\n\t\t\t\t\t\t\t\t<div class=\"elementor-field elementor-select-wrapper remove-before \">\n\t\t\t<div class=\"select-caret-down-wrapper\">\n\t\t\t\t<i aria-hidden=\"true\" class=\"eicon-caret-down\"><\/i>\t\t\t<\/div>\n\t\t\t<select name=\"form_fields[field_467fec4]\" id=\"form-field-field_467fec4\" class=\"elementor-field-textual elementor-size-sm\" required=\"required\">\n\t\t\t\t\t\t\t\t\t<option value=\"Hombre\">Hombre<\/option>\n\t\t\t\t\t\t\t\t\t<option value=\"Mujer\">Mujer<\/option>\n\t\t\t\t\t\t\t\t\t<option value=\"No responder\">No responder<\/option>\n\t\t\t\t\t\t\t<\/select>\n\t\t<\/div>\n\t\t\t\t\t\t<\/div>\n\t\t\t\t\t\t\t\t<div class=\"elementor-field-type-text elementor-field-group elementor-column elementor-field-group-field_3620b43 elementor-col-50 elementor-field-required elementor-mark-required\">\n\t\t\t\t\t\t\t\t\t\t\t\t<label for=\"form-field-field_3620b43\" class=\"elementor-field-label\">\n\t\t\t\t\t\t\t\tFranja de Edad\t\t\t\t\t\t\t<\/label>\n\t\t\t\t\t\t\t\t\t\t\t\t\t\t<input size=\"1\" type=\"text\" name=\"form_fields[field_3620b43]\" id=\"form-field-field_3620b43\" class=\"elementor-field elementor-size-sm  elementor-field-textual\" placeholder=\"Franja de Edad\" required=\"required\">\n\t\t\t\t\t\t\t\t\t\t\t<\/div>\n\t\t\t\t\t\t\t\t<div class=\"elementor-field-type-text elementor-field-group elementor-column elementor-field-group-field_435c2ef elementor-col-50 elementor-field-required elementor-mark-required\">\n\t\t\t\t\t\t\t\t\t\t\t\t<label for=\"form-field-field_435c2ef\" class=\"elementor-field-label\">\n\t\t\t\t\t\t\t\tR.U.T\t\t\t\t\t\t\t<\/label>\n\t\t\t\t\t\t\t\t\t\t\t\t\t\t<input size=\"1\" type=\"text\" name=\"form_fields[field_435c2ef]\" id=\"form-field-field_435c2ef\" class=\"elementor-field elementor-size-sm  elementor-field-textual\" placeholder=\"R.U.T\" required=\"required\">\n\t\t\t\t\t\t\t\t\t\t\t<\/div>\n\t\t\t\t\t\t\t\t<div class=\"elementor-field-type-email elementor-field-group elementor-column elementor-field-group-email elementor-col-50 elementor-field-required elementor-mark-required\">\n\t\t\t\t\t\t\t\t\t\t\t\t<label for=\"form-field-email\" class=\"elementor-field-label\">\n\t\t\t\t\t\t\t\tEmail\t\t\t\t\t\t\t<\/label>\n\t\t\t\t\t\t\t\t\t\t\t\t\t\t<input size=\"1\" type=\"email\" name=\"form_fields[email]\" id=\"form-field-email\" class=\"elementor-field elementor-size-sm  elementor-field-textual\" placeholder=\"Email\" required=\"required\">\n\t\t\t\t\t\t\t\t\t\t\t<\/div>\n\t\t\t\t\t\t\t\t<div class=\"elementor-field-type-text elementor-field-group elementor-column elementor-field-group-field_d1f4f74 elementor-col-50 elementor-field-required elementor-mark-required\">\n\t\t\t\t\t\t\t\t\t\t\t\t<label for=\"form-field-field_d1f4f74\" class=\"elementor-field-label\">\n\t\t\t\t\t\t\t\tTel\u00e9fono de contacto\t\t\t\t\t\t\t<\/label>\n\t\t\t\t\t\t\t\t\t\t\t\t\t\t<input size=\"1\" type=\"text\" name=\"form_fields[field_d1f4f74]\" id=\"form-field-field_d1f4f74\" class=\"elementor-field elementor-size-sm  elementor-field-textual\" placeholder=\"Tel\u00e9fono de contacto\" required=\"required\">\n\t\t\t\t\t\t\t\t\t\t\t<\/div>\n\t\t\t\t\t\t\t\t<div class=\"elementor-field-type-text elementor-field-group elementor-column elementor-field-group-field_3bef555 elementor-col-80 elementor-field-required elementor-mark-required\">\n\t\t\t\t\t\t\t\t\t\t\t\t<label for=\"form-field-field_3bef555\" class=\"elementor-field-label\">\n\t\t\t\t\t\t\t\t\u00bfCu\u00e1l es el \u00e1rea que m\u00e1s se ajusta a tus intereses?\t\t\t\t\t\t\t<\/label>\n\t\t\t\t\t\t\t\t\t\t\t\t\t\t<input size=\"1\" type=\"text\" name=\"form_fields[field_3bef555]\" id=\"form-field-field_3bef555\" class=\"elementor-field elementor-size-sm  elementor-field-textual\" required=\"required\">\n\t\t\t\t\t\t\t\t\t\t\t<\/div>\n\t\t\t\t\t\t\t\t<div class=\"elementor-field-type-textarea elementor-field-group elementor-column elementor-field-group-message elementor-col-100\">\n\t\t\t\t\t\t\t\t\t\t\t\t<label for=\"form-field-message\" class=\"elementor-field-label\">\n\t\t\t\t\t\t\t\tSi lo deseas, d\u00e9janos tu comentario\t\t\t\t\t\t\t<\/label>\n\t\t\t\t\t\t<textarea class=\"elementor-field-textual elementor-field  elementor-size-sm\" name=\"form_fields[message]\" id=\"form-field-message\" rows=\"4\"><\/textarea>\t\t\t\t<\/div>\n\t\t\t\t\t\t\t\t<div class=\"elementor-field-type-html elementor-field-group elementor-column elementor-field-group-field_01d4576 elementor-col-100\">\n\t\t\t\t\t<small>Nos interesa conocer tus Objetivos, como as\u00ed tambien tus Aspiraciones Personales. Queremos escucharte!.<\/small>\t\t\t\t<\/div>\n\t\t\t\t\t\t\t\t<div class=\"elementor-field-type-upload elementor-field-group elementor-column elementor-field-group-field_7123293 elementor-col-100\">\n\t\t\t\t\t\t\t\t\t\t\t\t<label for=\"form-field-field_7123293\" class=\"elementor-field-label\">\n\t\t\t\t\t\t\t\tAdjuntar tu CV (pdf)\t\t\t\t\t\t\t<\/label>\n\t\t\t\t\t\t\t\t<input type=\"file\" name=\"form_fields[field_7123293]\" id=\"form-field-field_7123293\" class=\"elementor-field elementor-size-sm  elementor-upload-field\" data-maxsize=\"20\" data-maxsize-message=\"This file exceeds the maximum allowed size.\">\n\n\t\t\t\t\t\t<\/div>\n\t\t\t\t\t\t\t\t<div class=\"elementor-field-type-html elementor-field-group elementor-column elementor-field-group-field_3116ca3 elementor-col-100\">\n\t\t\t\t\t<small>Recuerda Adjuntar tu CV Actualizado a la fecha.<\/small>\t\t\t\t<\/div>\n\t\t\t\t\t\t\t\t<div class=\"elementor-field-type-recaptcha_v3 elementor-field-group elementor-column elementor-field-group-field_bbcc0d1 elementor-col-100 recaptcha_v3-bottomright\">\n\t\t\t\t\t<div class=\"elementor-field\" id=\"form-field-field_bbcc0d1\"><div class=\"elementor-g-recaptcha\" data-sitekey=\"6LeWQdcbAAAAAOr2VBLICQwvkUIQnnNFJpz_jksx\" data-type=\"v3\" data-action=\"Form\" data-badge=\"bottomright\" data-size=\"invisible\"><\/div><\/div>\t\t\t\t<\/div>\n\t\t\t\t\t\t\t\t<div class=\"elementor-field-type-recaptcha_v3 elementor-field-group elementor-column elementor-field-group-field_5f3811f elementor-col-100 recaptcha_v3-inline\">\n\t\t\t\t\t<div class=\"elementor-field\" id=\"form-field-field_5f3811f\"><div class=\"elementor-g-recaptcha\" data-sitekey=\"6LeWQdcbAAAAAOr2VBLICQwvkUIQnnNFJpz_jksx\" data-type=\"v3\" data-action=\"Form\" data-badge=\"inline\" data-size=\"invisible\"><\/div><\/div>\t\t\t\t<\/div>\n\t\t\t\t\t\t\t\t<div class=\"elementor-field-group elementor-column elementor-field-type-submit elementor-col-100 e-form__buttons\">\n\t\t\t\t\t<button class=\"elementor-button elementor-size-sm\" type=\"submit\">\n\t\t\t\t\t\t<span class=\"elementor-button-content-wrapper\">\n\t\t\t\t\t\t\t\t\t\t\t\t\t\t\t\t\t\t\t\t\t\t<span class=\"elementor-button-text\">Enviar<\/span>\n\t\t\t\t\t\t\t\t\t\t\t\t\t<\/span>\n\t\t\t\t\t<\/button>\n\t\t\t\t<\/div>\n\t\t\t<\/div>\n\t\t<\/form>\n\t\t\t\t\t\t<\/div>\n\t\t\t\t<\/div>\n\t\t\t\t\t<\/div>\n\t\t<\/div>\n\t\t\t\t\t<\/div>\n\t\t<\/section>\n\t\t\t\t<\/div>\n\t\t","protected":false},"excerpt":{"rendered":"<p>Trabaja con Nosotros \u00bfC\u00f3mo es trabajar en Orion? En Orion Seguros Generales, queremos contar con gente como t\u00fa, con talento, sana ambici\u00f3n y af\u00e1n de superaci\u00f3n. Gente que se esfuerza y cumple, siempre de forma responsable. Que encara nuevos retos con entusiasmo, quiere ganar y compite con valent\u00eda. Te invitamos a que con tu compromiso [&hellip;]<\/p>\n","protected":false},"author":3,"featured_media":0,"parent":0,"menu_order":0,"comment_status":"closed","ping_status":"closed","template":"","meta":{"footnotes":""},"class_list":["post-6202","page","type-page","status-publish","hentry"],"yoast_head":"<!-- This site is optimized with the Yoast SEO plugin v27.2 - https:\/\/yoast.com\/product\/yoast-seo-wordpress\/ -->\n<title>Trabaja con Nosotros - ORION<\/title>\n<meta name=\"robots\" content=\"index, follow, max-snippet:-1, max-image-preview:large, max-video-preview:-1\" \/>\n<link rel=\"canonical\" href=\"https:\/\/portalprod.segurosorion.cl\/seguros-orion\/trabaja-con-nosotros\/\" \/>\n<meta property=\"og:locale\" content=\"es_ES\" \/>\n<meta property=\"og:type\" content=\"article\" \/>\n<meta property=\"og:title\" content=\"Trabaja con Nosotros - ORION\" \/>\n<meta property=\"og:description\" content=\"Trabaja con Nosotros \u00bfC\u00f3mo es trabajar en Orion? En Orion Seguros Generales, queremos contar con gente como t\u00fa, con talento, sana ambici\u00f3n y af\u00e1n de superaci\u00f3n. Gente que se esfuerza y cumple, siempre de forma responsable. Que encara nuevos retos con entusiasmo, quiere ganar y compite con valent\u00eda. Te invitamos a que con tu compromiso [&hellip;]\" \/>\n<meta property=\"og:url\" content=\"https:\/\/portalprod.segurosorion.cl\/seguros-orion\/trabaja-con-nosotros\/\" \/>\n<meta property=\"og:site_name\" content=\"ORION\" \/>\n<meta property=\"article:modified_time\" content=\"2024-07-24T14:54:40+00:00\" \/>\n<meta property=\"og:image\" content=\"https:\/\/portalprod.segurosorion.cl\/seguros-orion\/wp-content\/uploads\/2024\/03\/trabajando-reunion-1024x512.jpg\" \/>\n<meta name=\"twitter:card\" content=\"summary_large_image\" \/>\n<meta name=\"twitter:label1\" content=\"Tiempo estimado de lectura\" \/>\n\t<meta name=\"twitter:data1\" content=\"1 minuto\" \/>\n<script type=\"application\/ld+json\" class=\"yoast-schema-graph\">{\"@context\":\"https:\/\/schema.org\",\"@graph\":[{\"@type\":\"WebPage\",\"@id\":\"https:\/\/portalprod.segurosorion.cl\/seguros-orion\/trabaja-con-nosotros\/\",\"url\":\"https:\/\/portalprod.segurosorion.cl\/seguros-orion\/trabaja-con-nosotros\/\",\"name\":\"Trabaja con Nosotros - ORION\",\"isPartOf\":{\"@id\":\"https:\/\/portalprod.segurosorion.cl\/seguros-orion\/#website\"},\"primaryImageOfPage\":{\"@id\":\"https:\/\/portalprod.segurosorion.cl\/seguros-orion\/trabaja-con-nosotros\/#primaryimage\"},\"image\":{\"@id\":\"https:\/\/portalprod.segurosorion.cl\/seguros-orion\/trabaja-con-nosotros\/#primaryimage\"},\"thumbnailUrl\":\"https:\/\/portalprod.segurosorion.cl\/seguros-orion\/wp-content\/uploads\/2024\/03\/trabajando-reunion-1024x512.jpg\",\"datePublished\":\"2024-03-20T17:56:55+00:00\",\"dateModified\":\"2024-07-24T14:54:40+00:00\",\"breadcrumb\":{\"@id\":\"https:\/\/portalprod.segurosorion.cl\/seguros-orion\/trabaja-con-nosotros\/#breadcrumb\"},\"inLanguage\":\"es-CL\",\"potentialAction\":[{\"@type\":\"ReadAction\",\"target\":[\"https:\/\/portalprod.segurosorion.cl\/seguros-orion\/trabaja-con-nosotros\/\"]}]},{\"@type\":\"ImageObject\",\"inLanguage\":\"es-CL\",\"@id\":\"https:\/\/portalprod.segurosorion.cl\/seguros-orion\/trabaja-con-nosotros\/#primaryimage\",\"url\":\"https:\/\/portalprod.segurosorion.cl\/seguros-orion\/wp-content\/uploads\/2024\/03\/trabajando-reunion.jpg\",\"contentUrl\":\"https:\/\/portalprod.segurosorion.cl\/seguros-orion\/wp-content\/uploads\/2024\/03\/trabajando-reunion.jpg\",\"width\":1080,\"height\":540},{\"@type\":\"BreadcrumbList\",\"@id\":\"https:\/\/portalprod.segurosorion.cl\/seguros-orion\/trabaja-con-nosotros\/#breadcrumb\",\"itemListElement\":[{\"@type\":\"ListItem\",\"position\":1,\"name\":\"Portada\",\"item\":\"https:\/\/portalprod.segurosorion.cl\/seguros-orion\/\"},{\"@type\":\"ListItem\",\"position\":2,\"name\":\"Trabaja con Nosotros\"}]},{\"@type\":\"WebSite\",\"@id\":\"https:\/\/portalprod.segurosorion.cl\/seguros-orion\/#website\",\"url\":\"https:\/\/portalprod.segurosorion.cl\/seguros-orion\/\",\"name\":\"ORION\",\"description\":\"Seguros Generales\",\"publisher\":{\"@id\":\"https:\/\/portalprod.segurosorion.cl\/seguros-orion\/#organization\"},\"potentialAction\":[{\"@type\":\"SearchAction\",\"target\":{\"@type\":\"EntryPoint\",\"urlTemplate\":\"https:\/\/portalprod.segurosorion.cl\/seguros-orion\/?s={search_term_string}\"},\"query-input\":{\"@type\":\"PropertyValueSpecification\",\"valueRequired\":true,\"valueName\":\"search_term_string\"}}],\"inLanguage\":\"es-CL\"},{\"@type\":\"Organization\",\"@id\":\"https:\/\/portalprod.segurosorion.cl\/seguros-orion\/#organization\",\"name\":\"ORION\",\"url\":\"https:\/\/portalprod.segurosorion.cl\/seguros-orion\/\",\"logo\":{\"@type\":\"ImageObject\",\"inLanguage\":\"es-CL\",\"@id\":\"https:\/\/portalprod.segurosorion.cl\/seguros-orion\/#\/schema\/logo\/image\/\",\"url\":\"https:\/\/portalprod.segurosorion.cl\/seguros-orion\/wp-content\/uploads\/2023\/01\/logo_crop.png\",\"contentUrl\":\"https:\/\/portalprod.segurosorion.cl\/seguros-orion\/wp-content\/uploads\/2023\/01\/logo_crop.png\",\"width\":513,\"height\":106,\"caption\":\"ORION\"},\"image\":{\"@id\":\"https:\/\/portalprod.segurosorion.cl\/seguros-orion\/#\/schema\/logo\/image\/\"},\"sameAs\":[\"https:\/\/www.instagram.com\/segurosgeneralesorion\/\",\"https:\/\/cl.linkedin.com\/company\/orion-compania-de-seguros-generales\"]}]}<\/script>\n<!-- \/ Yoast SEO plugin. -->","yoast_head_json":{"title":"Trabaja con Nosotros - ORION","robots":{"index":"index","follow":"follow","max-snippet":"max-snippet:-1","max-image-preview":"max-image-preview:large","max-video-preview":"max-video-preview:-1"},"canonical":"https:\/\/portalprod.segurosorion.cl\/seguros-orion\/trabaja-con-nosotros\/","og_locale":"es_ES","og_type":"article","og_title":"Trabaja con Nosotros - ORION","og_description":"Trabaja con Nosotros \u00bfC\u00f3mo es trabajar en Orion? En Orion Seguros Generales, queremos contar con gente como t\u00fa, con talento, sana ambici\u00f3n y af\u00e1n de superaci\u00f3n. Gente que se esfuerza y cumple, siempre de forma responsable. Que encara nuevos retos con entusiasmo, quiere ganar y compite con valent\u00eda. Te invitamos a que con tu compromiso [&hellip;]","og_url":"https:\/\/portalprod.segurosorion.cl\/seguros-orion\/trabaja-con-nosotros\/","og_site_name":"ORION","article_modified_time":"2024-07-24T14:54:40+00:00","og_image":[{"url":"https:\/\/portalprod.segurosorion.cl\/seguros-orion\/wp-content\/uploads\/2024\/03\/trabajando-reunion-1024x512.jpg","type":"","width":"","height":""}],"twitter_card":"summary_large_image","twitter_misc":{"Tiempo estimado de lectura":"1 minuto"},"schema":{"@context":"https:\/\/schema.org","@graph":[{"@type":"WebPage","@id":"https:\/\/portalprod.segurosorion.cl\/seguros-orion\/trabaja-con-nosotros\/","url":"https:\/\/portalprod.segurosorion.cl\/seguros-orion\/trabaja-con-nosotros\/","name":"Trabaja con Nosotros - ORION","isPartOf":{"@id":"https:\/\/portalprod.segurosorion.cl\/seguros-orion\/#website"},"primaryImageOfPage":{"@id":"https:\/\/portalprod.segurosorion.cl\/seguros-orion\/trabaja-con-nosotros\/#primaryimage"},"image":{"@id":"https:\/\/portalprod.segurosorion.cl\/seguros-orion\/trabaja-con-nosotros\/#primaryimage"},"thumbnailUrl":"https:\/\/portalprod.segurosorion.cl\/seguros-orion\/wp-content\/uploads\/2024\/03\/trabajando-reunion-1024x512.jpg","datePublished":"2024-03-20T17:56:55+00:00","dateModified":"2024-07-24T14:54:40+00:00","breadcrumb":{"@id":"https:\/\/portalprod.segurosorion.cl\/seguros-orion\/trabaja-con-nosotros\/#breadcrumb"},"inLanguage":"es-CL","potentialAction":[{"@type":"ReadAction","target":["https:\/\/portalprod.segurosorion.cl\/seguros-orion\/trabaja-con-nosotros\/"]}]},{"@type":"ImageObject","inLanguage":"es-CL","@id":"https:\/\/portalprod.segurosorion.cl\/seguros-orion\/trabaja-con-nosotros\/#primaryimage","url":"https:\/\/portalprod.segurosorion.cl\/seguros-orion\/wp-content\/uploads\/2024\/03\/trabajando-reunion.jpg","contentUrl":"https:\/\/portalprod.segurosorion.cl\/seguros-orion\/wp-content\/uploads\/2024\/03\/trabajando-reunion.jpg","width":1080,"height":540},{"@type":"BreadcrumbList","@id":"https:\/\/portalprod.segurosorion.cl\/seguros-orion\/trabaja-con-nosotros\/#breadcrumb","itemListElement":[{"@type":"ListItem","position":1,"name":"Portada","item":"https:\/\/portalprod.segurosorion.cl\/seguros-orion\/"},{"@type":"ListItem","position":2,"name":"Trabaja con Nosotros"}]},{"@type":"WebSite","@id":"https:\/\/portalprod.segurosorion.cl\/seguros-orion\/#website","url":"https:\/\/portalprod.segurosorion.cl\/seguros-orion\/","name":"ORION","description":"Seguros Generales","publisher":{"@id":"https:\/\/portalprod.segurosorion.cl\/seguros-orion\/#organization"},"potentialAction":[{"@type":"SearchAction","target":{"@type":"EntryPoint","urlTemplate":"https:\/\/portalprod.segurosorion.cl\/seguros-orion\/?s={search_term_string}"},"query-input":{"@type":"PropertyValueSpecification","valueRequired":true,"valueName":"search_term_string"}}],"inLanguage":"es-CL"},{"@type":"Organization","@id":"https:\/\/portalprod.segurosorion.cl\/seguros-orion\/#organization","name":"ORION","url":"https:\/\/portalprod.segurosorion.cl\/seguros-orion\/","logo":{"@type":"ImageObject","inLanguage":"es-CL","@id":"https:\/\/portalprod.segurosorion.cl\/seguros-orion\/#\/schema\/logo\/image\/","url":"https:\/\/portalprod.segurosorion.cl\/seguros-orion\/wp-content\/uploads\/2023\/01\/logo_crop.png","contentUrl":"https:\/\/portalprod.segurosorion.cl\/seguros-orion\/wp-content\/uploads\/2023\/01\/logo_crop.png","width":513,"height":106,"caption":"ORION"},"image":{"@id":"https:\/\/portalprod.segurosorion.cl\/seguros-orion\/#\/schema\/logo\/image\/"},"sameAs":["https:\/\/www.instagram.com\/segurosgeneralesorion\/","https:\/\/cl.linkedin.com\/company\/orion-compania-de-seguros-generales"]}]}},"_links":{"self":[{"href":"https:\/\/portalprod.segurosorion.cl\/seguros-orion\/wp-json\/wp\/v2\/pages\/6202","targetHints":{"allow":["GET"]}}],"collection":[{"href":"https:\/\/portalprod.segurosorion.cl\/seguros-orion\/wp-json\/wp\/v2\/pages"}],"about":[{"href":"https:\/\/portalprod.segurosorion.cl\/seguros-orion\/wp-json\/wp\/v2\/types\/page"}],"author":[{"embeddable":true,"href":"https:\/\/portalprod.segurosorion.cl\/seguros-orion\/wp-json\/wp\/v2\/users\/3"}],"replies":[{"embeddable":true,"href":"https:\/\/portalprod.segurosorion.cl\/seguros-orion\/wp-json\/wp\/v2\/comments?post=6202"}],"version-history":[{"count":52,"href":"https:\/\/portalprod.segurosorion.cl\/seguros-orion\/wp-json\/wp\/v2\/pages\/6202\/revisions"}],"predecessor-version":[{"id":7060,"href":"https:\/\/portalprod.segurosorion.cl\/seguros-orion\/wp-json\/wp\/v2\/pages\/6202\/revisions\/7060"}],"wp:attachment":[{"href":"https:\/\/portalprod.segurosorion.cl\/seguros-orion\/wp-json\/wp\/v2\/media?parent=6202"}],"curies":[{"name":"wp","href":"https:\/\/api.w.org\/{rel}","templated":true}]}}