{"id":6538,"date":"2024-04-02T05:58:20","date_gmt":"2024-04-02T08:58:20","guid":{"rendered":"https:\/\/portalprod.segurosorion.cl\/seguros-orion\/?page_id=6538"},"modified":"2024-07-25T08:41:46","modified_gmt":"2024-07-25T12:41:46","slug":"formulario-de-denuncia-ley-20-393","status":"publish","type":"page","link":"https:\/\/portalprod.segurosorion.cl\/seguros-orion\/formulario-de-denuncia-ley-20-393\/","title":{"rendered":"Formulario de Denuncia Ley 20.393"},"content":{"rendered":"\t\t<div data-elementor-type=\"wp-page\" data-elementor-id=\"6538\" class=\"elementor elementor-6538\" data-elementor-post-type=\"page\">\n\t\t\t\t\t\t<section class=\"elementor-section elementor-top-section elementor-element elementor-element-f7b4bcf elementor-section-boxed elementor-section-height-default elementor-section-height-default\" data-id=\"f7b4bcf\" data-element_type=\"section\" data-e-type=\"section\">\n\t\t\t\t\t\t<div class=\"elementor-container elementor-column-gap-default\">\n\t\t\t\t\t<div class=\"elementor-column elementor-col-100 elementor-top-column elementor-element elementor-element-36b072c\" data-id=\"36b072c\" data-element_type=\"column\" data-e-type=\"column\">\n\t\t\t<div class=\"elementor-widget-wrap elementor-element-populated\">\n\t\t\t\t\t\t<div class=\"elementor-element elementor-element-faa0005 elementor-widget elementor-widget-heading\" data-id=\"faa0005\" data-element_type=\"widget\" data-e-type=\"widget\" data-widget_type=\"heading.default\">\n\t\t\t\t<div class=\"elementor-widget-container\">\n\t\t\t\t\t<h1 class=\"elementor-heading-title elementor-size-default\">Formulario de Denuncia Ley 20.393\n<\/h1>\t\t\t\t<\/div>\n\t\t\t\t<\/div>\n\t\t\t\t<div class=\"elementor-element elementor-element-f5f8db9 elementor-widget elementor-widget-text-editor\" data-id=\"f5f8db9\" data-element_type=\"widget\" data-e-type=\"widget\" data-widget_type=\"text-editor.default\">\n\t\t\t\t<div class=\"elementor-widget-container\">\n\t\t\t\t\t\t\t\t\t<p class=\"m_8462226025187629561MsoListParagraph\">Complete este formulario si desea denunciar alguno de estos delitos:<u><\/u><u><\/u><\/p>\n<p class=\"m_8462226025187629561MsoListParagraph\"><u><\/u>\u2013&nbsp;&nbsp;&nbsp;&nbsp;&nbsp;&nbsp;&nbsp; <u><\/u>Lavado de activos <u><\/u><u><\/u><\/p>\n<p class=\"m_8462226025187629561MsoListParagraph\"><u><\/u>\u2013&nbsp;&nbsp;&nbsp;&nbsp;&nbsp;&nbsp;&nbsp; <u><\/u>Financiamiento del Terrorismo.<u><\/u><u><\/u><\/p>\n<p class=\"m_8462226025187629561MsoListParagraph\"><u><\/u>\u2013&nbsp;&nbsp;&nbsp;&nbsp;&nbsp;&nbsp;&nbsp; <u><\/u>Personas Expuestas Pol\u00edticamente.<u><\/u><u><\/u><\/p>\n<p class=\"m_8462226025187629561MsoListParagraph\"><u><\/u>\u2013&nbsp;&nbsp;&nbsp;&nbsp;&nbsp;&nbsp;&nbsp; <u><\/u>Cohecho a funcionarios p\u00fablicos nacionales y extranjeros.<\/p>\n\n\t\t\t\t\t\t\t\t\t<\/div>\n\t\t\t\t<\/div>\n\t\t\t\t<div class=\"elementor-element elementor-element-16fb57d elementor-widget elementor-widget-text-editor\" data-id=\"16fb57d\" data-element_type=\"widget\" data-e-type=\"widget\" data-widget_type=\"text-editor.default\">\n\t\t\t\t<div class=\"elementor-widget-container\">\n\t\t\t\t\t\t\t\t\t\n\t\t\t<p><b>Los datos del Denunciante no son obligatorios, y s\u00f3lo se utilizar\u00e1n en el caso de que el encargado de prevenci\u00f3n de delitos requiera mayores antecedentes del caso, o para que usted pueda efectuar el seguimiento de la denuncia, sin ning\u00fan \u00e1nimo de identificar al denunciante o tomar represalia en su contra<\/b>.<\/p>\n\n\t\t\t\t\t\t\t\t\t<\/div>\n\t\t\t\t<\/div>\n\t\t\t\t\t<\/div>\n\t\t<\/div>\n\t\t\t\t\t<\/div>\n\t\t<\/section>\n\t\t\t\t<section class=\"elementor-section elementor-top-section elementor-element elementor-element-5b88ad3 elementor-section-boxed elementor-section-height-default elementor-section-height-default\" data-id=\"5b88ad3\" data-element_type=\"section\" data-e-type=\"section\">\n\t\t\t\t\t\t<div class=\"elementor-container elementor-column-gap-default\">\n\t\t\t\t\t<div class=\"elementor-column elementor-col-100 elementor-top-column elementor-element elementor-element-fc30e7d\" data-id=\"fc30e7d\" data-element_type=\"column\" data-e-type=\"column\">\n\t\t\t<div class=\"elementor-widget-wrap elementor-element-populated\">\n\t\t\t\t\t\t<div class=\"elementor-element elementor-element-49cc6eb elementor-button-align-stretch elementor-widget elementor-widget-form\" data-id=\"49cc6eb\" data-element_type=\"widget\" data-e-type=\"widget\" data-settings=\"{&quot;step_next_label&quot;:&quot;Next&quot;,&quot;step_previous_label&quot;:&quot;Previous&quot;,&quot;button_width&quot;:&quot;100&quot;,&quot;step_type&quot;:&quot;number_text&quot;,&quot;step_icon_shape&quot;:&quot;circle&quot;}\" data-widget_type=\"form.default\">\n\t\t\t\t<div class=\"elementor-widget-container\">\n\t\t\t\t\t\t\t<form class=\"elementor-form\" method=\"post\" name=\"Formulario de Denuncia Ley 20.393\" aria-label=\"Formulario de Denuncia Ley 20.393\">\n\t\t\t<input type=\"hidden\" name=\"post_id\" value=\"6538\"\/>\n\t\t\t<input type=\"hidden\" name=\"form_id\" value=\"49cc6eb\"\/>\n\t\t\t<input type=\"hidden\" name=\"referer_title\" value=\"Formulario de Denuncia Ley 20.393 - ORION\" \/>\n\n\t\t\t\t\t\t\t<input type=\"hidden\" name=\"queried_id\" value=\"6538\"\/>\n\t\t\t\n\t\t\t<div class=\"elementor-form-fields-wrapper elementor-labels-above\">\n\t\t\t\t\t\t\t\t<div class=\"elementor-field-type-text elementor-field-group elementor-column elementor-field-group-name elementor-col-50 elementor-field-required\">\n\t\t\t\t\t\t\t\t\t\t\t\t<label for=\"form-field-name\" class=\"elementor-field-label\">\n\t\t\t\t\t\t\t\tNombre\t\t\t\t\t\t\t<\/label>\n\t\t\t\t\t\t\t\t\t\t\t\t\t\t<input size=\"1\" type=\"text\" name=\"form_fields[name]\" id=\"form-field-name\" class=\"elementor-field elementor-size-sm  elementor-field-textual\" placeholder=\"Nombre\" required=\"required\">\n\t\t\t\t\t\t\t\t\t\t\t<\/div>\n\t\t\t\t\t\t\t\t<div class=\"elementor-field-type-text elementor-field-group elementor-column elementor-field-group-field_2cc7d02 elementor-col-50 elementor-field-required\">\n\t\t\t\t\t\t\t\t\t\t\t\t<label for=\"form-field-field_2cc7d02\" class=\"elementor-field-label\">\n\t\t\t\t\t\t\t\tApellido\t\t\t\t\t\t\t<\/label>\n\t\t\t\t\t\t\t\t\t\t\t\t\t\t<input size=\"1\" type=\"text\" name=\"form_fields[field_2cc7d02]\" id=\"form-field-field_2cc7d02\" class=\"elementor-field elementor-size-sm  elementor-field-textual\" placeholder=\"Apellido\" required=\"required\">\n\t\t\t\t\t\t\t\t\t\t\t<\/div>\n\t\t\t\t\t\t\t\t<div class=\"elementor-field-type-email elementor-field-group elementor-column elementor-field-group-email elementor-col-100 elementor-field-required\">\n\t\t\t\t\t\t\t\t\t\t\t\t<label for=\"form-field-email\" class=\"elementor-field-label\">\n\t\t\t\t\t\t\t\tEmail\t\t\t\t\t\t\t<\/label>\n\t\t\t\t\t\t\t\t\t\t\t\t\t\t<input size=\"1\" type=\"email\" name=\"form_fields[email]\" id=\"form-field-email\" class=\"elementor-field elementor-size-sm  elementor-field-textual\" placeholder=\"Email\" required=\"required\">\n\t\t\t\t\t\t\t\t\t\t\t<\/div>\n\t\t\t\t\t\t\t\t<div class=\"elementor-field-type-text elementor-field-group elementor-column elementor-field-group-field_476bd26 elementor-col-50\">\n\t\t\t\t\t\t\t\t\t\t\t\t<label for=\"form-field-field_476bd26\" class=\"elementor-field-label\">\n\t\t\t\t\t\t\t\tTel\u00e9fono\t\t\t\t\t\t\t<\/label>\n\t\t\t\t\t\t\t\t\t\t\t\t\t\t<input size=\"1\" type=\"text\" name=\"form_fields[field_476bd26]\" id=\"form-field-field_476bd26\" class=\"elementor-field elementor-size-sm  elementor-field-textual\" placeholder=\"Tel\u00e9fono\">\n\t\t\t\t\t\t\t\t\t\t\t<\/div>\n\t\t\t\t\t\t\t\t<div class=\"elementor-field-type-text elementor-field-group elementor-column elementor-field-group-field_7324357 elementor-col-50 elementor-field-required\">\n\t\t\t\t\t\t\t\t\t\t\t\t<label for=\"form-field-field_7324357\" class=\"elementor-field-label\">\n\t\t\t\t\t\t\t\tPersona o \u00c1rea involucrada \t\t\t\t\t\t\t<\/label>\n\t\t\t\t\t\t\t\t\t\t\t\t\t\t<input size=\"1\" type=\"text\" name=\"form_fields[field_7324357]\" id=\"form-field-field_7324357\" class=\"elementor-field elementor-size-sm  elementor-field-textual\" required=\"required\">\n\t\t\t\t\t\t\t\t\t\t\t<\/div>\n\t\t\t\t\t\t\t\t<div class=\"elementor-field-type-select elementor-field-group elementor-column elementor-field-group-field_c4e717c elementor-col-50 elementor-field-required\">\n\t\t\t\t\t\t\t\t\t\t\t\t<label for=\"form-field-field_c4e717c\" class=\"elementor-field-label\">\n\t\t\t\t\t\t\t\tTipo de Delito o Falta \t\t\t\t\t\t\t<\/label>\n\t\t\t\t\t\t\t\t<div class=\"elementor-field elementor-select-wrapper remove-before \">\n\t\t\t<div class=\"select-caret-down-wrapper\">\n\t\t\t\t<i aria-hidden=\"true\" class=\"eicon-caret-down\"><\/i>\t\t\t<\/div>\n\t\t\t<select name=\"form_fields[field_c4e717c]\" id=\"form-field-field_c4e717c\" class=\"elementor-field-textual elementor-size-sm\" required=\"required\">\n\t\t\t\t\t\t\t\t\t<option value=\"Lavado de Activos \">Lavado de Activos <\/option>\n\t\t\t\t\t\t\t\t\t<option value=\"Financiamiento Terrorismo\">Financiamiento Terrorismo<\/option>\n\t\t\t\t\t\t\t\t\t<option value=\" Violaci\u00f3n a C\u00f3digo de Conducta\"> Violaci\u00f3n a C\u00f3digo de Conducta<\/option>\n\t\t\t\t\t\t\t<\/select>\n\t\t<\/div>\n\t\t\t\t\t\t<\/div>\n\t\t\t\t\t\t\t\t<div class=\"elementor-field-type-date elementor-field-group elementor-column elementor-field-group-field_6b0db02 elementor-col-50\">\n\t\t\t\t\t\t\t\t\t\t\t\t<label for=\"form-field-field_6b0db02\" class=\"elementor-field-label\">\n\t\t\t\t\t\t\t\tFecha de Ocurrencia (S\u00f3lo si la conoce) \t\t\t\t\t\t\t<\/label>\n\t\t\t\t\t\t\n\t\t<input type=\"date\" name=\"form_fields[field_6b0db02]\" id=\"form-field-field_6b0db02\" class=\"elementor-field elementor-size-sm  elementor-field-textual elementor-date-field\" pattern=\"[0-9]{4}-[0-9]{2}-[0-9]{2}\">\n\t\t\t\t\t\t<\/div>\n\t\t\t\t\t\t\t\t<div class=\"elementor-field-type-recaptcha_v3 elementor-field-group elementor-column elementor-field-group-field_0d12a93 elementor-col-100 recaptcha_v3-bottomright\">\n\t\t\t\t\t<div class=\"elementor-field\" id=\"form-field-field_0d12a93\"><div class=\"elementor-g-recaptcha\" data-sitekey=\"6LeWQdcbAAAAAOr2VBLICQwvkUIQnnNFJpz_jksx\" data-type=\"v3\" data-action=\"Form\" data-badge=\"bottomright\" data-size=\"invisible\"><\/div><\/div>\t\t\t\t<\/div>\n\t\t\t\t\t\t\t\t<div class=\"elementor-field-group elementor-column elementor-field-type-submit elementor-col-100 e-form__buttons\">\n\t\t\t\t\t<button class=\"elementor-button elementor-size-sm\" type=\"submit\">\n\t\t\t\t\t\t<span class=\"elementor-button-content-wrapper\">\n\t\t\t\t\t\t\t\t\t\t\t\t\t\t\t\t\t\t\t\t\t\t<span class=\"elementor-button-text\">Enviar<\/span>\n\t\t\t\t\t\t\t\t\t\t\t\t\t<\/span>\n\t\t\t\t\t<\/button>\n\t\t\t\t<\/div>\n\t\t\t<\/div>\n\t\t<\/form>\n\t\t\t\t\t\t<\/div>\n\t\t\t\t<\/div>\n\t\t\t\t\t<\/div>\n\t\t<\/div>\n\t\t\t\t\t<\/div>\n\t\t<\/section>\n\t\t\t\t<\/div>\n\t\t","protected":false},"excerpt":{"rendered":"<p>Formulario de Denuncia Ley 20.393 Complete este formulario si desea denunciar alguno de estos delitos: \u2013&nbsp;&nbsp;&nbsp;&nbsp;&nbsp;&nbsp;&nbsp; Lavado de activos \u2013&nbsp;&nbsp;&nbsp;&nbsp;&nbsp;&nbsp;&nbsp; Financiamiento del Terrorismo. \u2013&nbsp;&nbsp;&nbsp;&nbsp;&nbsp;&nbsp;&nbsp; Personas Expuestas Pol\u00edticamente. \u2013&nbsp;&nbsp;&nbsp;&nbsp;&nbsp;&nbsp;&nbsp; Cohecho a funcionarios p\u00fablicos nacionales y extranjeros. Los datos del Denunciante no son obligatorios, y s\u00f3lo se utilizar\u00e1n en el caso de que el encargado de prevenci\u00f3n [&hellip;]<\/p>\n","protected":false},"author":3,"featured_media":0,"parent":0,"menu_order":0,"comment_status":"closed","ping_status":"closed","template":"","meta":{"footnotes":""},"class_list":["post-6538","page","type-page","status-publish","hentry"],"yoast_head":"<!-- This site is optimized with the Yoast SEO plugin v27.2 - https:\/\/yoast.com\/product\/yoast-seo-wordpress\/ -->\n<title>Formulario de Denuncia Ley 20.393 - ORION<\/title>\n<meta name=\"robots\" content=\"index, follow, max-snippet:-1, max-image-preview:large, max-video-preview:-1\" \/>\n<link rel=\"canonical\" href=\"https:\/\/portalprod.segurosorion.cl\/seguros-orion\/formulario-de-denuncia-ley-20-393\/\" \/>\n<meta property=\"og:locale\" content=\"es_ES\" \/>\n<meta property=\"og:type\" content=\"article\" \/>\n<meta property=\"og:title\" content=\"Formulario de Denuncia Ley 20.393 - ORION\" \/>\n<meta property=\"og:description\" content=\"Formulario de Denuncia Ley 20.393 Complete este formulario si desea denunciar alguno de estos delitos: \u2013&nbsp;&nbsp;&nbsp;&nbsp;&nbsp;&nbsp;&nbsp; Lavado de activos \u2013&nbsp;&nbsp;&nbsp;&nbsp;&nbsp;&nbsp;&nbsp; Financiamiento del Terrorismo. \u2013&nbsp;&nbsp;&nbsp;&nbsp;&nbsp;&nbsp;&nbsp; Personas Expuestas Pol\u00edticamente. \u2013&nbsp;&nbsp;&nbsp;&nbsp;&nbsp;&nbsp;&nbsp; Cohecho a funcionarios p\u00fablicos nacionales y extranjeros. Los datos del Denunciante no son obligatorios, y s\u00f3lo se utilizar\u00e1n en el caso de que el encargado de prevenci\u00f3n [&hellip;]\" \/>\n<meta property=\"og:url\" content=\"https:\/\/portalprod.segurosorion.cl\/seguros-orion\/formulario-de-denuncia-ley-20-393\/\" \/>\n<meta property=\"og:site_name\" content=\"ORION\" \/>\n<meta property=\"article:modified_time\" content=\"2024-07-25T12:41:46+00:00\" \/>\n<meta name=\"twitter:card\" content=\"summary_large_image\" \/>\n<meta name=\"twitter:label1\" content=\"Tiempo estimado de lectura\" \/>\n\t<meta name=\"twitter:data1\" content=\"1 minuto\" \/>\n<script type=\"application\/ld+json\" class=\"yoast-schema-graph\">{\"@context\":\"https:\/\/schema.org\",\"@graph\":[{\"@type\":\"WebPage\",\"@id\":\"https:\/\/portalprod.segurosorion.cl\/seguros-orion\/formulario-de-denuncia-ley-20-393\/\",\"url\":\"https:\/\/portalprod.segurosorion.cl\/seguros-orion\/formulario-de-denuncia-ley-20-393\/\",\"name\":\"Formulario de Denuncia Ley 20.393 - ORION\",\"isPartOf\":{\"@id\":\"https:\/\/portalprod.segurosorion.cl\/seguros-orion\/#website\"},\"datePublished\":\"2024-04-02T08:58:20+00:00\",\"dateModified\":\"2024-07-25T12:41:46+00:00\",\"breadcrumb\":{\"@id\":\"https:\/\/portalprod.segurosorion.cl\/seguros-orion\/formulario-de-denuncia-ley-20-393\/#breadcrumb\"},\"inLanguage\":\"es-CL\",\"potentialAction\":[{\"@type\":\"ReadAction\",\"target\":[\"https:\/\/portalprod.segurosorion.cl\/seguros-orion\/formulario-de-denuncia-ley-20-393\/\"]}]},{\"@type\":\"BreadcrumbList\",\"@id\":\"https:\/\/portalprod.segurosorion.cl\/seguros-orion\/formulario-de-denuncia-ley-20-393\/#breadcrumb\",\"itemListElement\":[{\"@type\":\"ListItem\",\"position\":1,\"name\":\"Portada\",\"item\":\"https:\/\/portalprod.segurosorion.cl\/seguros-orion\/\"},{\"@type\":\"ListItem\",\"position\":2,\"name\":\"Formulario de Denuncia Ley 20.393\"}]},{\"@type\":\"WebSite\",\"@id\":\"https:\/\/portalprod.segurosorion.cl\/seguros-orion\/#website\",\"url\":\"https:\/\/portalprod.segurosorion.cl\/seguros-orion\/\",\"name\":\"ORION\",\"description\":\"Seguros Generales\",\"publisher\":{\"@id\":\"https:\/\/portalprod.segurosorion.cl\/seguros-orion\/#organization\"},\"potentialAction\":[{\"@type\":\"SearchAction\",\"target\":{\"@type\":\"EntryPoint\",\"urlTemplate\":\"https:\/\/portalprod.segurosorion.cl\/seguros-orion\/?s={search_term_string}\"},\"query-input\":{\"@type\":\"PropertyValueSpecification\",\"valueRequired\":true,\"valueName\":\"search_term_string\"}}],\"inLanguage\":\"es-CL\"},{\"@type\":\"Organization\",\"@id\":\"https:\/\/portalprod.segurosorion.cl\/seguros-orion\/#organization\",\"name\":\"ORION\",\"url\":\"https:\/\/portalprod.segurosorion.cl\/seguros-orion\/\",\"logo\":{\"@type\":\"ImageObject\",\"inLanguage\":\"es-CL\",\"@id\":\"https:\/\/portalprod.segurosorion.cl\/seguros-orion\/#\/schema\/logo\/image\/\",\"url\":\"https:\/\/portalprod.segurosorion.cl\/seguros-orion\/wp-content\/uploads\/2023\/01\/logo_crop.png\",\"contentUrl\":\"https:\/\/portalprod.segurosorion.cl\/seguros-orion\/wp-content\/uploads\/2023\/01\/logo_crop.png\",\"width\":513,\"height\":106,\"caption\":\"ORION\"},\"image\":{\"@id\":\"https:\/\/portalprod.segurosorion.cl\/seguros-orion\/#\/schema\/logo\/image\/\"},\"sameAs\":[\"https:\/\/www.instagram.com\/segurosgeneralesorion\/\",\"https:\/\/cl.linkedin.com\/company\/orion-compania-de-seguros-generales\"]}]}<\/script>\n<!-- \/ Yoast SEO plugin. -->","yoast_head_json":{"title":"Formulario de Denuncia Ley 20.393 - ORION","robots":{"index":"index","follow":"follow","max-snippet":"max-snippet:-1","max-image-preview":"max-image-preview:large","max-video-preview":"max-video-preview:-1"},"canonical":"https:\/\/portalprod.segurosorion.cl\/seguros-orion\/formulario-de-denuncia-ley-20-393\/","og_locale":"es_ES","og_type":"article","og_title":"Formulario de Denuncia Ley 20.393 - ORION","og_description":"Formulario de Denuncia Ley 20.393 Complete este formulario si desea denunciar alguno de estos delitos: \u2013&nbsp;&nbsp;&nbsp;&nbsp;&nbsp;&nbsp;&nbsp; Lavado de activos \u2013&nbsp;&nbsp;&nbsp;&nbsp;&nbsp;&nbsp;&nbsp; Financiamiento del Terrorismo. \u2013&nbsp;&nbsp;&nbsp;&nbsp;&nbsp;&nbsp;&nbsp; Personas Expuestas Pol\u00edticamente. \u2013&nbsp;&nbsp;&nbsp;&nbsp;&nbsp;&nbsp;&nbsp; Cohecho a funcionarios p\u00fablicos nacionales y extranjeros. Los datos del Denunciante no son obligatorios, y s\u00f3lo se utilizar\u00e1n en el caso de que el encargado de prevenci\u00f3n [&hellip;]","og_url":"https:\/\/portalprod.segurosorion.cl\/seguros-orion\/formulario-de-denuncia-ley-20-393\/","og_site_name":"ORION","article_modified_time":"2024-07-25T12:41:46+00:00","twitter_card":"summary_large_image","twitter_misc":{"Tiempo estimado de lectura":"1 minuto"},"schema":{"@context":"https:\/\/schema.org","@graph":[{"@type":"WebPage","@id":"https:\/\/portalprod.segurosorion.cl\/seguros-orion\/formulario-de-denuncia-ley-20-393\/","url":"https:\/\/portalprod.segurosorion.cl\/seguros-orion\/formulario-de-denuncia-ley-20-393\/","name":"Formulario de Denuncia Ley 20.393 - ORION","isPartOf":{"@id":"https:\/\/portalprod.segurosorion.cl\/seguros-orion\/#website"},"datePublished":"2024-04-02T08:58:20+00:00","dateModified":"2024-07-25T12:41:46+00:00","breadcrumb":{"@id":"https:\/\/portalprod.segurosorion.cl\/seguros-orion\/formulario-de-denuncia-ley-20-393\/#breadcrumb"},"inLanguage":"es-CL","potentialAction":[{"@type":"ReadAction","target":["https:\/\/portalprod.segurosorion.cl\/seguros-orion\/formulario-de-denuncia-ley-20-393\/"]}]},{"@type":"BreadcrumbList","@id":"https:\/\/portalprod.segurosorion.cl\/seguros-orion\/formulario-de-denuncia-ley-20-393\/#breadcrumb","itemListElement":[{"@type":"ListItem","position":1,"name":"Portada","item":"https:\/\/portalprod.segurosorion.cl\/seguros-orion\/"},{"@type":"ListItem","position":2,"name":"Formulario de Denuncia Ley 20.393"}]},{"@type":"WebSite","@id":"https:\/\/portalprod.segurosorion.cl\/seguros-orion\/#website","url":"https:\/\/portalprod.segurosorion.cl\/seguros-orion\/","name":"ORION","description":"Seguros Generales","publisher":{"@id":"https:\/\/portalprod.segurosorion.cl\/seguros-orion\/#organization"},"potentialAction":[{"@type":"SearchAction","target":{"@type":"EntryPoint","urlTemplate":"https:\/\/portalprod.segurosorion.cl\/seguros-orion\/?s={search_term_string}"},"query-input":{"@type":"PropertyValueSpecification","valueRequired":true,"valueName":"search_term_string"}}],"inLanguage":"es-CL"},{"@type":"Organization","@id":"https:\/\/portalprod.segurosorion.cl\/seguros-orion\/#organization","name":"ORION","url":"https:\/\/portalprod.segurosorion.cl\/seguros-orion\/","logo":{"@type":"ImageObject","inLanguage":"es-CL","@id":"https:\/\/portalprod.segurosorion.cl\/seguros-orion\/#\/schema\/logo\/image\/","url":"https:\/\/portalprod.segurosorion.cl\/seguros-orion\/wp-content\/uploads\/2023\/01\/logo_crop.png","contentUrl":"https:\/\/portalprod.segurosorion.cl\/seguros-orion\/wp-content\/uploads\/2023\/01\/logo_crop.png","width":513,"height":106,"caption":"ORION"},"image":{"@id":"https:\/\/portalprod.segurosorion.cl\/seguros-orion\/#\/schema\/logo\/image\/"},"sameAs":["https:\/\/www.instagram.com\/segurosgeneralesorion\/","https:\/\/cl.linkedin.com\/company\/orion-compania-de-seguros-generales"]}]}},"_links":{"self":[{"href":"https:\/\/portalprod.segurosorion.cl\/seguros-orion\/wp-json\/wp\/v2\/pages\/6538","targetHints":{"allow":["GET"]}}],"collection":[{"href":"https:\/\/portalprod.segurosorion.cl\/seguros-orion\/wp-json\/wp\/v2\/pages"}],"about":[{"href":"https:\/\/portalprod.segurosorion.cl\/seguros-orion\/wp-json\/wp\/v2\/types\/page"}],"author":[{"embeddable":true,"href":"https:\/\/portalprod.segurosorion.cl\/seguros-orion\/wp-json\/wp\/v2\/users\/3"}],"replies":[{"embeddable":true,"href":"https:\/\/portalprod.segurosorion.cl\/seguros-orion\/wp-json\/wp\/v2\/comments?post=6538"}],"version-history":[{"count":28,"href":"https:\/\/portalprod.segurosorion.cl\/seguros-orion\/wp-json\/wp\/v2\/pages\/6538\/revisions"}],"predecessor-version":[{"id":7063,"href":"https:\/\/portalprod.segurosorion.cl\/seguros-orion\/wp-json\/wp\/v2\/pages\/6538\/revisions\/7063"}],"wp:attachment":[{"href":"https:\/\/portalprod.segurosorion.cl\/seguros-orion\/wp-json\/wp\/v2\/media?parent=6538"}],"curies":[{"name":"wp","href":"https:\/\/api.w.org\/{rel}","templated":true}]}}