{"id":6558,"date":"2024-04-02T06:06:10","date_gmt":"2024-04-02T09:06:10","guid":{"rendered":"https:\/\/portalprod.segurosorion.cl\/seguros-orion\/?page_id=6558"},"modified":"2024-07-25T08:41:55","modified_gmt":"2024-07-25T12:41:55","slug":"formulario-de-denuncia-transgresion","status":"publish","type":"page","link":"https:\/\/portalprod.segurosorion.cl\/seguros-orion\/formulario-de-denuncia-transgresion\/","title":{"rendered":"Formulario de Denuncia Transgresi\u00f3n al C\u00f3digo de Conducta"},"content":{"rendered":"\t\t<div data-elementor-type=\"wp-page\" data-elementor-id=\"6558\" class=\"elementor elementor-6558\" data-elementor-post-type=\"page\">\n\t\t\t\t\t\t<section class=\"elementor-section elementor-top-section elementor-element elementor-element-ff23141 elementor-section-boxed elementor-section-height-default elementor-section-height-default\" data-id=\"ff23141\" data-element_type=\"section\" data-e-type=\"section\">\n\t\t\t\t\t\t<div class=\"elementor-container elementor-column-gap-default\">\n\t\t\t\t\t<div class=\"elementor-column elementor-col-100 elementor-top-column elementor-element elementor-element-750c3af\" data-id=\"750c3af\" data-element_type=\"column\" data-e-type=\"column\">\n\t\t\t<div class=\"elementor-widget-wrap elementor-element-populated\">\n\t\t\t\t\t\t<div class=\"elementor-element elementor-element-f92cace elementor-widget elementor-widget-heading\" data-id=\"f92cace\" data-element_type=\"widget\" data-e-type=\"widget\" data-widget_type=\"heading.default\">\n\t\t\t\t<div class=\"elementor-widget-container\">\n\t\t\t\t\t<h1 class=\"elementor-heading-title elementor-size-default\">Formulario de Denuncia Transgresi\u00f3n al C\u00f3digo de Conducta\n<\/h1>\t\t\t\t<\/div>\n\t\t\t\t<\/div>\n\t\t\t\t<div class=\"elementor-element elementor-element-fb5750e elementor-widget elementor-widget-text-editor\" data-id=\"fb5750e\" data-element_type=\"widget\" data-e-type=\"widget\" data-widget_type=\"text-editor.default\">\n\t\t\t\t<div class=\"elementor-widget-container\">\n\t\t\t\t\t\t\t\t\tComplete este formulario si desea denunciar respecto sospechas y\/o incumplimiento de las  Normas de Conducta,  \u00c9tica, Conflictos de Inter\u00e9s o cualquier tema relacionado con un posible incumplimiento regulatorio o situaciones o hechos que requieran la atenci\u00f3n de la Administraci\u00f3n y\/o del Directorio.\t\t\t\t\t\t\t\t<\/div>\n\t\t\t\t<\/div>\n\t\t\t\t<div class=\"elementor-element elementor-element-1eecd23 elementor-widget elementor-widget-text-editor\" data-id=\"1eecd23\" data-element_type=\"widget\" data-e-type=\"widget\" data-widget_type=\"text-editor.default\">\n\t\t\t\t<div class=\"elementor-widget-container\">\n\t\t\t\t\t\t\t\t\t<b>Los datos del Denunciante no son obligatorios, y s\u00f3lo se utilizar\u00e1n en el caso de que el encargado de prevenci\u00f3n de delitos requiera mayores antecedentes del caso, o para que usted pueda efectuar el seguimiento de la denuncia, sin ning\u00fan \u00e1nimo de identificar al denunciante o tomar represalia en su contra.\n\n<\/b>.\t\t\t\t\t\t\t\t<\/div>\n\t\t\t\t<\/div>\n\t\t\t\t\t<\/div>\n\t\t<\/div>\n\t\t\t\t\t<\/div>\n\t\t<\/section>\n\t\t\t\t<section class=\"elementor-section elementor-top-section elementor-element elementor-element-4f89c7a elementor-section-boxed elementor-section-height-default elementor-section-height-default\" data-id=\"4f89c7a\" data-element_type=\"section\" data-e-type=\"section\">\n\t\t\t\t\t\t<div class=\"elementor-container elementor-column-gap-default\">\n\t\t\t\t\t<div class=\"elementor-column elementor-col-100 elementor-top-column elementor-element elementor-element-6b5a574\" data-id=\"6b5a574\" data-element_type=\"column\" data-e-type=\"column\">\n\t\t\t<div class=\"elementor-widget-wrap elementor-element-populated\">\n\t\t\t\t\t\t<div class=\"elementor-element elementor-element-efbd439 elementor-button-align-stretch elementor-widget elementor-widget-form\" data-id=\"efbd439\" data-element_type=\"widget\" data-e-type=\"widget\" data-settings=\"{&quot;step_next_label&quot;:&quot;Next&quot;,&quot;step_previous_label&quot;:&quot;Previous&quot;,&quot;button_width&quot;:&quot;100&quot;,&quot;step_type&quot;:&quot;number_text&quot;,&quot;step_icon_shape&quot;:&quot;circle&quot;}\" data-widget_type=\"form.default\">\n\t\t\t\t<div class=\"elementor-widget-container\">\n\t\t\t\t\t\t\t<form class=\"elementor-form\" method=\"post\" name=\"Formulario de Denuncia Transgresi\u00f3n al C\u00f3digo de Conducta\" aria-label=\"Formulario de Denuncia Transgresi\u00f3n al C\u00f3digo de Conducta\">\n\t\t\t<input type=\"hidden\" name=\"post_id\" value=\"6558\"\/>\n\t\t\t<input type=\"hidden\" name=\"form_id\" value=\"efbd439\"\/>\n\t\t\t<input type=\"hidden\" name=\"referer_title\" value=\"Formulario de Denuncia Transgresi\u00f3n al C\u00f3digo de Conducta - ORION\" \/>\n\n\t\t\t\t\t\t\t<input type=\"hidden\" name=\"queried_id\" value=\"6558\"\/>\n\t\t\t\n\t\t\t<div class=\"elementor-form-fields-wrapper elementor-labels-above\">\n\t\t\t\t\t\t\t\t<div class=\"elementor-field-type-text elementor-field-group elementor-column elementor-field-group-name elementor-col-50 elementor-field-required\">\n\t\t\t\t\t\t\t\t\t\t\t\t<label for=\"form-field-name\" class=\"elementor-field-label\">\n\t\t\t\t\t\t\t\tNombre\t\t\t\t\t\t\t<\/label>\n\t\t\t\t\t\t\t\t\t\t\t\t\t\t<input size=\"1\" type=\"text\" name=\"form_fields[name]\" id=\"form-field-name\" class=\"elementor-field elementor-size-sm  elementor-field-textual\" placeholder=\"Nombre\" required=\"required\">\n\t\t\t\t\t\t\t\t\t\t\t<\/div>\n\t\t\t\t\t\t\t\t<div class=\"elementor-field-type-text elementor-field-group elementor-column elementor-field-group-field_2cc7d02 elementor-col-50 elementor-field-required\">\n\t\t\t\t\t\t\t\t\t\t\t\t<label for=\"form-field-field_2cc7d02\" class=\"elementor-field-label\">\n\t\t\t\t\t\t\t\tApellido\t\t\t\t\t\t\t<\/label>\n\t\t\t\t\t\t\t\t\t\t\t\t\t\t<input size=\"1\" type=\"text\" name=\"form_fields[field_2cc7d02]\" id=\"form-field-field_2cc7d02\" class=\"elementor-field elementor-size-sm  elementor-field-textual\" placeholder=\"Apellido\" required=\"required\">\n\t\t\t\t\t\t\t\t\t\t\t<\/div>\n\t\t\t\t\t\t\t\t<div class=\"elementor-field-type-email elementor-field-group elementor-column elementor-field-group-email elementor-col-50 elementor-field-required\">\n\t\t\t\t\t\t\t\t\t\t\t\t<label for=\"form-field-email\" class=\"elementor-field-label\">\n\t\t\t\t\t\t\t\tEmail\t\t\t\t\t\t\t<\/label>\n\t\t\t\t\t\t\t\t\t\t\t\t\t\t<input size=\"1\" type=\"email\" name=\"form_fields[email]\" id=\"form-field-email\" class=\"elementor-field elementor-size-sm  elementor-field-textual\" placeholder=\"Email\" required=\"required\">\n\t\t\t\t\t\t\t\t\t\t\t<\/div>\n\t\t\t\t\t\t\t\t<div class=\"elementor-field-type-text elementor-field-group elementor-column elementor-field-group-field_476bd26 elementor-col-50\">\n\t\t\t\t\t\t\t\t\t\t\t\t<label for=\"form-field-field_476bd26\" class=\"elementor-field-label\">\n\t\t\t\t\t\t\t\tTel\u00e9fono\t\t\t\t\t\t\t<\/label>\n\t\t\t\t\t\t\t\t\t\t\t\t\t\t<input size=\"1\" type=\"text\" name=\"form_fields[field_476bd26]\" id=\"form-field-field_476bd26\" class=\"elementor-field elementor-size-sm  elementor-field-textual\" placeholder=\"Tel\u00e9fono\">\n\t\t\t\t\t\t\t\t\t\t\t<\/div>\n\t\t\t\t\t\t\t\t<div class=\"elementor-field-type-text elementor-field-group elementor-column elementor-field-group-field_7324357 elementor-col-50 elementor-field-required\">\n\t\t\t\t\t\t\t\t\t\t\t\t<label for=\"form-field-field_7324357\" class=\"elementor-field-label\">\n\t\t\t\t\t\t\t\tPersona o \u00c1rea involucrada \t\t\t\t\t\t\t<\/label>\n\t\t\t\t\t\t\t\t\t\t\t\t\t\t<input size=\"1\" type=\"text\" name=\"form_fields[field_7324357]\" id=\"form-field-field_7324357\" class=\"elementor-field elementor-size-sm  elementor-field-textual\" required=\"required\">\n\t\t\t\t\t\t\t\t\t\t\t<\/div>\n\t\t\t\t\t\t\t\t<div class=\"elementor-field-type-select elementor-field-group elementor-column elementor-field-group-field_c4e717c elementor-col-50 elementor-field-required\">\n\t\t\t\t\t\t\t\t\t\t\t\t<label for=\"form-field-field_c4e717c\" class=\"elementor-field-label\">\n\t\t\t\t\t\t\t\tTipo de Delito o Falta \t\t\t\t\t\t\t<\/label>\n\t\t\t\t\t\t\t\t<div class=\"elementor-field elementor-select-wrapper remove-before \">\n\t\t\t<div class=\"select-caret-down-wrapper\">\n\t\t\t\t<i aria-hidden=\"true\" class=\"eicon-caret-down\"><\/i>\t\t\t<\/div>\n\t\t\t<select name=\"form_fields[field_c4e717c]\" id=\"form-field-field_c4e717c\" class=\"elementor-field-textual elementor-size-sm\" required=\"required\">\n\t\t\t\t\t\t\t\t\t<option value=\"Lavado de Activos \">Lavado de Activos <\/option>\n\t\t\t\t\t\t\t\t\t<option value=\"Financiamiento Terrorismo\">Financiamiento Terrorismo<\/option>\n\t\t\t\t\t\t\t\t\t<option value=\"Violaci\u00f3n a C\u00f3digo de Conducta\">Violaci\u00f3n a C\u00f3digo de Conducta<\/option>\n\t\t\t\t\t\t\t<\/select>\n\t\t<\/div>\n\t\t\t\t\t\t<\/div>\n\t\t\t\t\t\t\t\t<div class=\"elementor-field-type-textarea elementor-field-group elementor-column elementor-field-group-field_6b0db02 elementor-col-100\">\n\t\t\t\t\t\t\t\t\t\t\t\t<label for=\"form-field-field_6b0db02\" class=\"elementor-field-label\">\n\t\t\t\t\t\t\t\tDescripci\u00f3n de los hechos \t\t\t\t\t\t\t<\/label>\n\t\t\t\t\t\t<textarea class=\"elementor-field-textual elementor-field  elementor-size-sm\" name=\"form_fields[field_6b0db02]\" id=\"form-field-field_6b0db02\" rows=\"4\"><\/textarea>\t\t\t\t<\/div>\n\t\t\t\t\t\t\t\t<div class=\"elementor-field-type-recaptcha_v3 elementor-field-group elementor-column elementor-field-group-field_0d12a93 elementor-col-100 recaptcha_v3-bottomright\">\n\t\t\t\t\t<div class=\"elementor-field\" id=\"form-field-field_0d12a93\"><div class=\"elementor-g-recaptcha\" data-sitekey=\"6LeWQdcbAAAAAOr2VBLICQwvkUIQnnNFJpz_jksx\" data-type=\"v3\" data-action=\"Form\" data-badge=\"bottomright\" data-size=\"invisible\"><\/div><\/div>\t\t\t\t<\/div>\n\t\t\t\t\t\t\t\t<div class=\"elementor-field-group elementor-column elementor-field-type-submit elementor-col-100 e-form__buttons\">\n\t\t\t\t\t<button class=\"elementor-button elementor-size-sm\" type=\"submit\">\n\t\t\t\t\t\t<span class=\"elementor-button-content-wrapper\">\n\t\t\t\t\t\t\t\t\t\t\t\t\t\t\t\t\t\t\t\t\t\t<span class=\"elementor-button-text\">Enviar<\/span>\n\t\t\t\t\t\t\t\t\t\t\t\t\t<\/span>\n\t\t\t\t\t<\/button>\n\t\t\t\t<\/div>\n\t\t\t<\/div>\n\t\t<\/form>\n\t\t\t\t\t\t<\/div>\n\t\t\t\t<\/div>\n\t\t\t\t\t<\/div>\n\t\t<\/div>\n\t\t\t\t\t<\/div>\n\t\t<\/section>\n\t\t\t\t<\/div>\n\t\t","protected":false},"excerpt":{"rendered":"<p>Formulario de Denuncia Transgresi\u00f3n al C\u00f3digo de Conducta Complete este formulario si desea denunciar respecto sospechas y\/o incumplimiento de las Normas de Conducta, \u00c9tica, Conflictos de Inter\u00e9s o cualquier tema relacionado con un posible incumplimiento regulatorio o situaciones o hechos que requieran la atenci\u00f3n de la Administraci\u00f3n y\/o del Directorio.Los datos del Denunciante no son [&hellip;]<\/p>\n","protected":false},"author":3,"featured_media":0,"parent":0,"menu_order":0,"comment_status":"closed","ping_status":"closed","template":"","meta":{"footnotes":""},"class_list":["post-6558","page","type-page","status-publish","hentry"],"yoast_head":"<!-- This site is optimized with the Yoast SEO plugin v27.2 - https:\/\/yoast.com\/product\/yoast-seo-wordpress\/ -->\n<title>Formulario de Denuncia Transgresi\u00f3n al C\u00f3digo de Conducta - ORION<\/title>\n<meta name=\"robots\" content=\"index, follow, max-snippet:-1, max-image-preview:large, max-video-preview:-1\" \/>\n<link rel=\"canonical\" href=\"https:\/\/portalprod.segurosorion.cl\/seguros-orion\/formulario-de-denuncia-transgresion\/\" \/>\n<meta property=\"og:locale\" content=\"es_ES\" \/>\n<meta property=\"og:type\" content=\"article\" \/>\n<meta property=\"og:title\" content=\"Formulario de Denuncia Transgresi\u00f3n al C\u00f3digo de Conducta - ORION\" \/>\n<meta property=\"og:description\" content=\"Formulario de Denuncia Transgresi\u00f3n al C\u00f3digo de Conducta Complete este formulario si desea denunciar respecto sospechas y\/o incumplimiento de las Normas de Conducta, \u00c9tica, Conflictos de Inter\u00e9s o cualquier tema relacionado con un posible incumplimiento regulatorio o situaciones o hechos que requieran la atenci\u00f3n de la Administraci\u00f3n y\/o del Directorio.Los datos del Denunciante no son [&hellip;]\" \/>\n<meta property=\"og:url\" content=\"https:\/\/portalprod.segurosorion.cl\/seguros-orion\/formulario-de-denuncia-transgresion\/\" \/>\n<meta property=\"og:site_name\" content=\"ORION\" \/>\n<meta property=\"article:modified_time\" content=\"2024-07-25T12:41:55+00:00\" \/>\n<meta name=\"twitter:card\" content=\"summary_large_image\" \/>\n<script type=\"application\/ld+json\" class=\"yoast-schema-graph\">{\"@context\":\"https:\/\/schema.org\",\"@graph\":[{\"@type\":\"WebPage\",\"@id\":\"https:\/\/portalprod.segurosorion.cl\/seguros-orion\/formulario-de-denuncia-transgresion\/\",\"url\":\"https:\/\/portalprod.segurosorion.cl\/seguros-orion\/formulario-de-denuncia-transgresion\/\",\"name\":\"Formulario de Denuncia Transgresi\u00f3n al C\u00f3digo de Conducta - ORION\",\"isPartOf\":{\"@id\":\"https:\/\/portalprod.segurosorion.cl\/seguros-orion\/#website\"},\"datePublished\":\"2024-04-02T09:06:10+00:00\",\"dateModified\":\"2024-07-25T12:41:55+00:00\",\"breadcrumb\":{\"@id\":\"https:\/\/portalprod.segurosorion.cl\/seguros-orion\/formulario-de-denuncia-transgresion\/#breadcrumb\"},\"inLanguage\":\"es-CL\",\"potentialAction\":[{\"@type\":\"ReadAction\",\"target\":[\"https:\/\/portalprod.segurosorion.cl\/seguros-orion\/formulario-de-denuncia-transgresion\/\"]}]},{\"@type\":\"BreadcrumbList\",\"@id\":\"https:\/\/portalprod.segurosorion.cl\/seguros-orion\/formulario-de-denuncia-transgresion\/#breadcrumb\",\"itemListElement\":[{\"@type\":\"ListItem\",\"position\":1,\"name\":\"Portada\",\"item\":\"https:\/\/portalprod.segurosorion.cl\/seguros-orion\/\"},{\"@type\":\"ListItem\",\"position\":2,\"name\":\"Formulario de Denuncia Transgresi\u00f3n al C\u00f3digo de Conducta\"}]},{\"@type\":\"WebSite\",\"@id\":\"https:\/\/portalprod.segurosorion.cl\/seguros-orion\/#website\",\"url\":\"https:\/\/portalprod.segurosorion.cl\/seguros-orion\/\",\"name\":\"ORION\",\"description\":\"Seguros Generales\",\"publisher\":{\"@id\":\"https:\/\/portalprod.segurosorion.cl\/seguros-orion\/#organization\"},\"potentialAction\":[{\"@type\":\"SearchAction\",\"target\":{\"@type\":\"EntryPoint\",\"urlTemplate\":\"https:\/\/portalprod.segurosorion.cl\/seguros-orion\/?s={search_term_string}\"},\"query-input\":{\"@type\":\"PropertyValueSpecification\",\"valueRequired\":true,\"valueName\":\"search_term_string\"}}],\"inLanguage\":\"es-CL\"},{\"@type\":\"Organization\",\"@id\":\"https:\/\/portalprod.segurosorion.cl\/seguros-orion\/#organization\",\"name\":\"ORION\",\"url\":\"https:\/\/portalprod.segurosorion.cl\/seguros-orion\/\",\"logo\":{\"@type\":\"ImageObject\",\"inLanguage\":\"es-CL\",\"@id\":\"https:\/\/portalprod.segurosorion.cl\/seguros-orion\/#\/schema\/logo\/image\/\",\"url\":\"https:\/\/portalprod.segurosorion.cl\/seguros-orion\/wp-content\/uploads\/2023\/01\/logo_crop.png\",\"contentUrl\":\"https:\/\/portalprod.segurosorion.cl\/seguros-orion\/wp-content\/uploads\/2023\/01\/logo_crop.png\",\"width\":513,\"height\":106,\"caption\":\"ORION\"},\"image\":{\"@id\":\"https:\/\/portalprod.segurosorion.cl\/seguros-orion\/#\/schema\/logo\/image\/\"},\"sameAs\":[\"https:\/\/www.instagram.com\/segurosgeneralesorion\/\",\"https:\/\/cl.linkedin.com\/company\/orion-compania-de-seguros-generales\"]}]}<\/script>\n<!-- \/ Yoast SEO plugin. -->","yoast_head_json":{"title":"Formulario de Denuncia Transgresi\u00f3n al C\u00f3digo de Conducta - ORION","robots":{"index":"index","follow":"follow","max-snippet":"max-snippet:-1","max-image-preview":"max-image-preview:large","max-video-preview":"max-video-preview:-1"},"canonical":"https:\/\/portalprod.segurosorion.cl\/seguros-orion\/formulario-de-denuncia-transgresion\/","og_locale":"es_ES","og_type":"article","og_title":"Formulario de Denuncia Transgresi\u00f3n al C\u00f3digo de Conducta - ORION","og_description":"Formulario de Denuncia Transgresi\u00f3n al C\u00f3digo de Conducta Complete este formulario si desea denunciar respecto sospechas y\/o incumplimiento de las Normas de Conducta, \u00c9tica, Conflictos de Inter\u00e9s o cualquier tema relacionado con un posible incumplimiento regulatorio o situaciones o hechos que requieran la atenci\u00f3n de la Administraci\u00f3n y\/o del Directorio.Los datos del Denunciante no son [&hellip;]","og_url":"https:\/\/portalprod.segurosorion.cl\/seguros-orion\/formulario-de-denuncia-transgresion\/","og_site_name":"ORION","article_modified_time":"2024-07-25T12:41:55+00:00","twitter_card":"summary_large_image","schema":{"@context":"https:\/\/schema.org","@graph":[{"@type":"WebPage","@id":"https:\/\/portalprod.segurosorion.cl\/seguros-orion\/formulario-de-denuncia-transgresion\/","url":"https:\/\/portalprod.segurosorion.cl\/seguros-orion\/formulario-de-denuncia-transgresion\/","name":"Formulario de Denuncia Transgresi\u00f3n al C\u00f3digo de Conducta - ORION","isPartOf":{"@id":"https:\/\/portalprod.segurosorion.cl\/seguros-orion\/#website"},"datePublished":"2024-04-02T09:06:10+00:00","dateModified":"2024-07-25T12:41:55+00:00","breadcrumb":{"@id":"https:\/\/portalprod.segurosorion.cl\/seguros-orion\/formulario-de-denuncia-transgresion\/#breadcrumb"},"inLanguage":"es-CL","potentialAction":[{"@type":"ReadAction","target":["https:\/\/portalprod.segurosorion.cl\/seguros-orion\/formulario-de-denuncia-transgresion\/"]}]},{"@type":"BreadcrumbList","@id":"https:\/\/portalprod.segurosorion.cl\/seguros-orion\/formulario-de-denuncia-transgresion\/#breadcrumb","itemListElement":[{"@type":"ListItem","position":1,"name":"Portada","item":"https:\/\/portalprod.segurosorion.cl\/seguros-orion\/"},{"@type":"ListItem","position":2,"name":"Formulario de Denuncia Transgresi\u00f3n al C\u00f3digo de Conducta"}]},{"@type":"WebSite","@id":"https:\/\/portalprod.segurosorion.cl\/seguros-orion\/#website","url":"https:\/\/portalprod.segurosorion.cl\/seguros-orion\/","name":"ORION","description":"Seguros Generales","publisher":{"@id":"https:\/\/portalprod.segurosorion.cl\/seguros-orion\/#organization"},"potentialAction":[{"@type":"SearchAction","target":{"@type":"EntryPoint","urlTemplate":"https:\/\/portalprod.segurosorion.cl\/seguros-orion\/?s={search_term_string}"},"query-input":{"@type":"PropertyValueSpecification","valueRequired":true,"valueName":"search_term_string"}}],"inLanguage":"es-CL"},{"@type":"Organization","@id":"https:\/\/portalprod.segurosorion.cl\/seguros-orion\/#organization","name":"ORION","url":"https:\/\/portalprod.segurosorion.cl\/seguros-orion\/","logo":{"@type":"ImageObject","inLanguage":"es-CL","@id":"https:\/\/portalprod.segurosorion.cl\/seguros-orion\/#\/schema\/logo\/image\/","url":"https:\/\/portalprod.segurosorion.cl\/seguros-orion\/wp-content\/uploads\/2023\/01\/logo_crop.png","contentUrl":"https:\/\/portalprod.segurosorion.cl\/seguros-orion\/wp-content\/uploads\/2023\/01\/logo_crop.png","width":513,"height":106,"caption":"ORION"},"image":{"@id":"https:\/\/portalprod.segurosorion.cl\/seguros-orion\/#\/schema\/logo\/image\/"},"sameAs":["https:\/\/www.instagram.com\/segurosgeneralesorion\/","https:\/\/cl.linkedin.com\/company\/orion-compania-de-seguros-generales"]}]}},"_links":{"self":[{"href":"https:\/\/portalprod.segurosorion.cl\/seguros-orion\/wp-json\/wp\/v2\/pages\/6558","targetHints":{"allow":["GET"]}}],"collection":[{"href":"https:\/\/portalprod.segurosorion.cl\/seguros-orion\/wp-json\/wp\/v2\/pages"}],"about":[{"href":"https:\/\/portalprod.segurosorion.cl\/seguros-orion\/wp-json\/wp\/v2\/types\/page"}],"author":[{"embeddable":true,"href":"https:\/\/portalprod.segurosorion.cl\/seguros-orion\/wp-json\/wp\/v2\/users\/3"}],"replies":[{"embeddable":true,"href":"https:\/\/portalprod.segurosorion.cl\/seguros-orion\/wp-json\/wp\/v2\/comments?post=6558"}],"version-history":[{"count":7,"href":"https:\/\/portalprod.segurosorion.cl\/seguros-orion\/wp-json\/wp\/v2\/pages\/6558\/revisions"}],"predecessor-version":[{"id":7066,"href":"https:\/\/portalprod.segurosorion.cl\/seguros-orion\/wp-json\/wp\/v2\/pages\/6558\/revisions\/7066"}],"wp:attachment":[{"href":"https:\/\/portalprod.segurosorion.cl\/seguros-orion\/wp-json\/wp\/v2\/media?parent=6558"}],"curies":[{"name":"wp","href":"https:\/\/api.w.org\/{rel}","templated":true}]}}